{"id":4741,"date":"2026-05-11T08:07:34","date_gmt":"2026-05-11T08:07:34","guid":{"rendered":"https:\/\/meloni.dk\/?post_type=product&#038;p=4741"},"modified":"2026-05-11T08:24:02","modified_gmt":"2026-05-11T08:24:02","slug":"rivalopgoer","status":"publish","type":"product","link":"https:\/\/meloni.dk\/index.php\/product\/rivalopgoer\/","title":{"rendered":"Rivalopg\u00f8r"},"content":{"rendered":"<p class=\"p1\">Barcelona mod Real Madrid, Manchester United mod Liverpool \u2026 Det er nogle af de mest kendte rivalopg\u00f8r inden for fodbold. Men der findes mange flere \u2013 b\u00e5de rivaliseringer med dybe historiske r\u00f8dder og nyere opg\u00f8r som Br\u00f8ndby mod FC K\u00f8benhavn.<\/p>\n<p class=\"p1\">I denne bog s\u00e6ttes der fokus p\u00e5 nogle af de mest kendte rivalopg\u00f8r i fodboldens verden: hvordan de er opst\u00e5et, og nogle af de mange historier, der knytter sig til dem.<\/p>\n","protected":false},"excerpt":{"rendered":"<p>Barcelona mod Real Madrid, Manchester United mod Liverpool \u2026 Det er nogle af de mest kendte rivalopg\u00f8r inden for fodbold. Men der findes mange flere \u2013 b\u00e5de rivaliseringer med dybe historiske r\u00f8dder og nyere opg\u00f8r som Br\u00f8ndby mod FC K\u00f8benhavn. I denne bog s\u00e6ttes der fokus p\u00e5 nogle af de mest kendte rivalopg\u00f8r i fodboldens &hellip; <\/p>\n","protected":false},"featured_media":4742,"template":"","meta":[],"product_brand":[],"product_cat":[25],"product_tag":[],"class_list":{"0":"post-4741","1":"product","2":"type-product","3":"status-publish","4":"has-post-thumbnail","6":"product_cat-faglig-laesning","8":"first","9":"instock","10":"taxable","11":"shipping-taxable","12":"purchasable","13":"product-type-simple"},"_links":{"self":[{"href":"https:\/\/meloni.dk\/index.php\/wp-json\/wp\/v2\/product\/4741","targetHints":{"allow":["GET"]}}],"collection":[{"href":"https:\/\/meloni.dk\/index.php\/wp-json\/wp\/v2\/product"}],"about":[{"href":"https:\/\/meloni.dk\/index.php\/wp-json\/wp\/v2\/types\/product"}],"wp:featuredmedia":[{"embeddable":true,"href":"https:\/\/meloni.dk\/index.php\/wp-json\/wp\/v2\/media\/4742"}],"wp:attachment":[{"href":"https:\/\/meloni.dk\/index.php\/wp-json\/wp\/v2\/media?parent=4741"}],"wp:term":[{"taxonomy":"product_brand","embeddable":true,"href":"https:\/\/meloni.dk\/index.php\/wp-json\/wp\/v2\/product_brand?post=4741"},{"taxonomy":"product_cat","embeddable":true,"href":"https:\/\/meloni.dk\/index.php\/wp-json\/wp\/v2\/product_cat?post=4741"},{"taxonomy":"product_tag","embeddable":true,"href":"https:\/\/meloni.dk\/index.php\/wp-json\/wp\/v2\/product_tag?post=4741"}],"curies":[{"name":"wp","href":"https:\/\/api.w.org\/{rel}","templated":true}]}}