{"id":4739,"date":"2026-05-11T08:00:55","date_gmt":"2026-05-11T08:00:55","guid":{"rendered":"https:\/\/meloni.dk\/?post_type=product&#038;p=4739"},"modified":"2026-05-11T08:01:25","modified_gmt":"2026-05-11T08:01:25","slug":"4739","status":"publish","type":"product","link":"https:\/\/meloni.dk\/index.php\/product\/4739\/","title":{"rendered":"Pomfritter"},"content":{"rendered":"<p class=\"p1\">Denne bog er en hyldest til pomfritter. Her i bogen kan du blive klogere p\u00e5 pomfrittens verden og tage med p\u00e5 pomfrittens rejse og l\u00e6se om, hvordan pomfritter bliver spist ude i verden. Du kan tage med p\u00e5 verdens eneste pomfritmuseum og tage med pomfritterne ud i rummet. Du kan ogs\u00e5 blive klogere p\u00e5 pomfrittens historie og l\u00e6se om hvordan musikeren Gammelfar lavede hittet Pomfritta.<\/p>\n<p class=\"p1\">Tag med p\u00e5 opdagelse og se hvordan en pomfritautomat virker og l\u00e6s om verdens st\u00f8rste pomfrit. Du kan i bogen ogs\u00e5 blive inspireret til hvordan du kan fejre den internationale pomfritdag.<\/p>\n","protected":false},"excerpt":{"rendered":"<p>Denne bog er en hyldest til pomfritter. Her i bogen kan du blive klogere p\u00e5 pomfrittens verden og tage med p\u00e5 pomfrittens rejse og l\u00e6se om, hvordan pomfritter bliver spist ude i verden. Du kan tage med p\u00e5 verdens eneste pomfritmuseum og tage med pomfritterne ud i rummet. Du kan ogs\u00e5 blive klogere p\u00e5 pomfrittens &hellip; <\/p>\n","protected":false},"featured_media":4740,"template":"","meta":[],"product_brand":[],"product_cat":[25],"product_tag":[],"class_list":{"0":"post-4739","1":"product","2":"type-product","3":"status-publish","4":"has-post-thumbnail","6":"product_cat-faglig-laesning","8":"first","9":"instock","10":"taxable","11":"shipping-taxable","12":"purchasable","13":"product-type-simple"},"_links":{"self":[{"href":"https:\/\/meloni.dk\/index.php\/wp-json\/wp\/v2\/product\/4739","targetHints":{"allow":["GET"]}}],"collection":[{"href":"https:\/\/meloni.dk\/index.php\/wp-json\/wp\/v2\/product"}],"about":[{"href":"https:\/\/meloni.dk\/index.php\/wp-json\/wp\/v2\/types\/product"}],"wp:featuredmedia":[{"embeddable":true,"href":"https:\/\/meloni.dk\/index.php\/wp-json\/wp\/v2\/media\/4740"}],"wp:attachment":[{"href":"https:\/\/meloni.dk\/index.php\/wp-json\/wp\/v2\/media?parent=4739"}],"wp:term":[{"taxonomy":"product_brand","embeddable":true,"href":"https:\/\/meloni.dk\/index.php\/wp-json\/wp\/v2\/product_brand?post=4739"},{"taxonomy":"product_cat","embeddable":true,"href":"https:\/\/meloni.dk\/index.php\/wp-json\/wp\/v2\/product_cat?post=4739"},{"taxonomy":"product_tag","embeddable":true,"href":"https:\/\/meloni.dk\/index.php\/wp-json\/wp\/v2\/product_tag?post=4739"}],"curies":[{"name":"wp","href":"https:\/\/api.w.org\/{rel}","templated":true}]}}