{"id":4720,"date":"2026-03-28T18:16:52","date_gmt":"2026-03-28T18:16:52","guid":{"rendered":"https:\/\/meloni.dk\/?post_type=product&#038;p=4720"},"modified":"2026-03-28T18:27:06","modified_gmt":"2026-03-28T18:27:06","slug":"cykelklassikerne","status":"publish","type":"product","link":"https:\/\/meloni.dk\/index.php\/product\/cykelklassikerne\/","title":{"rendered":"Cykelklassikerne"},"content":{"rendered":"<p class=\"p1\">Du har sikkert h\u00f8rt om Tour de France. Men har du ogs\u00e5 h\u00f8rt om Flandern Rundt, Li\u00e8ge\u2013Bastogne\u2013Li\u00e8ge og Le Strade Bianche? Det er blot nogle af cykelklassikerne. Cykelklassikerne er en r\u00e6kke af cykelsportens vigtigste endagsl\u00f8b. De vigtigste af dem kaldes monumenter. Det er dem, som cykelrytterne allerhelst vil vinde.<\/p>\n<p class=\"p1\">Alle l\u00f8bene har deres egen lille, specielle ting, som er med til at g\u00f8re dem ber\u00f8mte. Vidste du for eksempel, at klassikeren Paris\u2013Roubaix slet ikke starter i Paris?<\/p>\n<p class=\"p1\">S\u00e5 hop p\u00e5 cyklen og l\u00e6s dig klog p\u00e5 cykelklassikerne.<\/p>\n","protected":false},"excerpt":{"rendered":"<p>Du har sikkert h\u00f8rt om Tour de France. Men har du ogs\u00e5 h\u00f8rt om Flandern Rundt, Li\u00e8ge\u2013Bastogne\u2013Li\u00e8ge og Le Strade Bianche? Det er blot nogle af cykelklassikerne. Cykelklassikerne er en r\u00e6kke af cykelsportens vigtigste endagsl\u00f8b. De vigtigste af dem kaldes monumenter. Det er dem, som cykelrytterne allerhelst vil vinde. Alle l\u00f8bene har deres egen lille, &hellip; <\/p>\n","protected":false},"featured_media":4722,"template":"","meta":[],"product_brand":[],"product_cat":[25],"product_tag":[],"class_list":{"0":"post-4720","1":"product","2":"type-product","3":"status-publish","4":"has-post-thumbnail","6":"product_cat-faglig-laesning","8":"first","9":"instock","10":"taxable","11":"shipping-taxable","12":"purchasable","13":"product-type-simple"},"_links":{"self":[{"href":"https:\/\/meloni.dk\/index.php\/wp-json\/wp\/v2\/product\/4720","targetHints":{"allow":["GET"]}}],"collection":[{"href":"https:\/\/meloni.dk\/index.php\/wp-json\/wp\/v2\/product"}],"about":[{"href":"https:\/\/meloni.dk\/index.php\/wp-json\/wp\/v2\/types\/product"}],"wp:featuredmedia":[{"embeddable":true,"href":"https:\/\/meloni.dk\/index.php\/wp-json\/wp\/v2\/media\/4722"}],"wp:attachment":[{"href":"https:\/\/meloni.dk\/index.php\/wp-json\/wp\/v2\/media?parent=4720"}],"wp:term":[{"taxonomy":"product_brand","embeddable":true,"href":"https:\/\/meloni.dk\/index.php\/wp-json\/wp\/v2\/product_brand?post=4720"},{"taxonomy":"product_cat","embeddable":true,"href":"https:\/\/meloni.dk\/index.php\/wp-json\/wp\/v2\/product_cat?post=4720"},{"taxonomy":"product_tag","embeddable":true,"href":"https:\/\/meloni.dk\/index.php\/wp-json\/wp\/v2\/product_tag?post=4720"}],"curies":[{"name":"wp","href":"https:\/\/api.w.org\/{rel}","templated":true}]}}