{"id":4622,"date":"2025-10-22T09:55:19","date_gmt":"2025-10-22T09:55:19","guid":{"rendered":"https:\/\/meloni.dk\/?post_type=product&#038;p=4622"},"modified":"2025-10-22T10:01:00","modified_gmt":"2025-10-22T10:01:00","slug":"4622","status":"publish","type":"product","link":"https:\/\/meloni.dk\/index.php\/product\/4622\/","title":{"rendered":"Vilde Atletikrekorder"},"content":{"rendered":"<p>Det olympiske motto lyder \u201dhurtigere, h\u00f8jere, st\u00e6rkere\u201d, og der er ingen olympisk disciplin, hvor det er tydeligere, end det er inden for atletik. Her m\u00e5les selv den mindste forbedring i centimeter og hundrededele.<\/p>\n<p>I denne bog kan du l\u00e6se om nogle af de vildeste rekorder inden for atletik \u2013 rekorder, der har rykket p\u00e5 opfattelsen af, hvad der er muligt for mennesket, som for eksempel Bob Beamons l\u00e6ngdespring ind i det n\u00e6ste \u00e5rhundrede eller Dick Fosburys revolution af h\u00f8jdespring med \u201dFosbury flop\u201d.<\/p>\n","protected":false},"excerpt":{"rendered":"<p>Det olympiske motto lyder \u201dhurtigere, h\u00f8jere, st\u00e6rkere\u201d, og der er ingen olympisk disciplin, hvor det er tydeligere, end det er inden for atletik. Her m\u00e5les selv den mindste forbedring i centimeter og hundrededele. I denne bog kan du l\u00e6se om nogle af de vildeste rekorder inden for atletik \u2013 rekorder, der har rykket p\u00e5 opfattelsen &hellip; <\/p>\n","protected":false},"featured_media":4623,"template":"","meta":[],"product_brand":[],"product_cat":[25],"product_tag":[],"class_list":{"0":"post-4622","1":"product","2":"type-product","3":"status-publish","4":"has-post-thumbnail","6":"product_cat-faglig-laesning","8":"first","9":"instock","10":"taxable","11":"shipping-taxable","12":"purchasable","13":"product-type-simple"},"_links":{"self":[{"href":"https:\/\/meloni.dk\/index.php\/wp-json\/wp\/v2\/product\/4622","targetHints":{"allow":["GET"]}}],"collection":[{"href":"https:\/\/meloni.dk\/index.php\/wp-json\/wp\/v2\/product"}],"about":[{"href":"https:\/\/meloni.dk\/index.php\/wp-json\/wp\/v2\/types\/product"}],"wp:featuredmedia":[{"embeddable":true,"href":"https:\/\/meloni.dk\/index.php\/wp-json\/wp\/v2\/media\/4623"}],"wp:attachment":[{"href":"https:\/\/meloni.dk\/index.php\/wp-json\/wp\/v2\/media?parent=4622"}],"wp:term":[{"taxonomy":"product_brand","embeddable":true,"href":"https:\/\/meloni.dk\/index.php\/wp-json\/wp\/v2\/product_brand?post=4622"},{"taxonomy":"product_cat","embeddable":true,"href":"https:\/\/meloni.dk\/index.php\/wp-json\/wp\/v2\/product_cat?post=4622"},{"taxonomy":"product_tag","embeddable":true,"href":"https:\/\/meloni.dk\/index.php\/wp-json\/wp\/v2\/product_tag?post=4622"}],"curies":[{"name":"wp","href":"https:\/\/api.w.org\/{rel}","templated":true}]}}