{"id":4306,"date":"2025-03-25T08:44:28","date_gmt":"2025-03-25T08:44:28","guid":{"rendered":"https:\/\/meloni.dk\/?post_type=product&#038;p=4306"},"modified":"2025-10-19T15:06:50","modified_gmt":"2025-10-19T15:06:50","slug":"mal-med-tal-r","status":"publish","type":"product","link":"https:\/\/meloni.dk\/index.php\/product\/mal-med-tal-r\/","title":{"rendered":"Mal med Tal R"},"content":{"rendered":"<p class=\"p1\">Har du h\u00f8rt om kunstneren Tal R? Han er kendt for sine farverige malerier, collager og tr\u00e6snit, som er udstillet p\u00e5 mange museer og gallerier i Danmark og i udlandet.<\/p>\n<p class=\"p1\">I denne bog kan du l\u00e6se om Tal R\u2019s fantasifulde billedunivers. Om hvordan han finder inspiration i alt muligt, har tusindvis af ideer og nogle gange laver sjove regler for sig selv.<\/p>\n<p class=\"p1\">Bogen er fyldt med billleder af hans malerier, collager og tr\u00e6snit, og har ideer til, hvordan du kan g\u00f8re ham kunsten efter, n\u00e5r du laver dine egne kunstv\u00e6rker.<\/p>\n<p>&nbsp;<\/p>\n","protected":false},"excerpt":{"rendered":"<p>Har du h\u00f8rt om kunstneren Tal R? Han er kendt for sine farverige malerier, collager og tr\u00e6snit, som er udstillet p\u00e5 mange museer og gallerier i Danmark og i udlandet. I denne bog kan du l\u00e6se om Tal R\u2019s fantasifulde billedunivers. Om hvordan han finder inspiration i alt muligt, har tusindvis af ideer og nogle &hellip; <\/p>\n","protected":false},"featured_media":4307,"template":"","meta":[],"product_brand":[],"product_cat":[21],"product_tag":[],"class_list":{"0":"post-4306","1":"product","2":"type-product","3":"status-publish","4":"has-post-thumbnail","6":"product_cat-billedkunst","8":"first","9":"instock","10":"taxable","11":"shipping-taxable","12":"purchasable","13":"product-type-simple"},"_links":{"self":[{"href":"https:\/\/meloni.dk\/index.php\/wp-json\/wp\/v2\/product\/4306","targetHints":{"allow":["GET"]}}],"collection":[{"href":"https:\/\/meloni.dk\/index.php\/wp-json\/wp\/v2\/product"}],"about":[{"href":"https:\/\/meloni.dk\/index.php\/wp-json\/wp\/v2\/types\/product"}],"wp:featuredmedia":[{"embeddable":true,"href":"https:\/\/meloni.dk\/index.php\/wp-json\/wp\/v2\/media\/4307"}],"wp:attachment":[{"href":"https:\/\/meloni.dk\/index.php\/wp-json\/wp\/v2\/media?parent=4306"}],"wp:term":[{"taxonomy":"product_brand","embeddable":true,"href":"https:\/\/meloni.dk\/index.php\/wp-json\/wp\/v2\/product_brand?post=4306"},{"taxonomy":"product_cat","embeddable":true,"href":"https:\/\/meloni.dk\/index.php\/wp-json\/wp\/v2\/product_cat?post=4306"},{"taxonomy":"product_tag","embeddable":true,"href":"https:\/\/meloni.dk\/index.php\/wp-json\/wp\/v2\/product_tag?post=4306"}],"curies":[{"name":"wp","href":"https:\/\/api.w.org\/{rel}","templated":true}]}}