{"id":4283,"date":"2025-03-17T14:23:14","date_gmt":"2025-03-17T14:23:14","guid":{"rendered":"https:\/\/meloni.dk\/?post_type=product&#038;p=4283"},"modified":"2025-05-27T08:08:24","modified_gmt":"2025-05-27T08:08:24","slug":"garn-uld","status":"publish","type":"product","link":"https:\/\/meloni.dk\/index.php\/product\/garn-uld\/","title":{"rendered":"Garn &#038; uld"},"content":{"rendered":"<p>Bogen <em data-start=\"8\" data-end=\"40\">Garn &amp; Uld<\/em> indeholder undervisningsforl\u00f8b, der er afpr\u00f8vet i grundskolen og klar til brug. Forl\u00f8bene underst\u00f8tter elevernes l\u00e6ring i teknikker og designprocesser, s\u00e5 de bliver bedre rustet til valgfaget i overbygningen. Faget h\u00e5ndv\u00e6rk &amp; design fokuserer p\u00e5 at udvikle elevernes h\u00e5ndv\u00e6rksm\u00e6ssige f\u00e6rdigheder, materialekendskab og \u00e6stetiske sans gennem praktisk arbejde. Mange elever mangler erfaring med v\u00e6rkt\u00f8j, hvilket kr\u00e6ver gentagelse og \u00f8velse. Forl\u00f8bene sigter mod at skabe funktionelle og \u00e6stetiske produkter, som eleverne kan v\u00e6re stolte af. B\u00f8gerne er udstyret med to do-lister samt materialelister for at lette l\u00e6rernes forberedelse.<\/p>\n","protected":false},"excerpt":{"rendered":"<p>Bogen Garn &amp; Uld indeholder undervisningsforl\u00f8b, der er afpr\u00f8vet i grundskolen og klar til brug. Forl\u00f8bene underst\u00f8tter elevernes l\u00e6ring i teknikker og designprocesser, s\u00e5 de bliver bedre rustet til valgfaget i overbygningen. Faget h\u00e5ndv\u00e6rk &amp; design fokuserer p\u00e5 at udvikle elevernes h\u00e5ndv\u00e6rksm\u00e6ssige f\u00e6rdigheder, materialekendskab og \u00e6stetiske sans gennem praktisk arbejde. Mange elever mangler erfaring med &hellip; <\/p>\n","protected":false},"featured_media":4284,"template":"","meta":[],"product_brand":[],"product_cat":[22],"product_tag":[],"class_list":{"0":"post-4283","1":"product","2":"type-product","3":"status-publish","4":"has-post-thumbnail","6":"product_cat-haandvaerk-og-design","8":"first","9":"instock","10":"taxable","11":"shipping-taxable","12":"purchasable","13":"product-type-simple"},"_links":{"self":[{"href":"https:\/\/meloni.dk\/index.php\/wp-json\/wp\/v2\/product\/4283","targetHints":{"allow":["GET"]}}],"collection":[{"href":"https:\/\/meloni.dk\/index.php\/wp-json\/wp\/v2\/product"}],"about":[{"href":"https:\/\/meloni.dk\/index.php\/wp-json\/wp\/v2\/types\/product"}],"wp:featuredmedia":[{"embeddable":true,"href":"https:\/\/meloni.dk\/index.php\/wp-json\/wp\/v2\/media\/4284"}],"wp:attachment":[{"href":"https:\/\/meloni.dk\/index.php\/wp-json\/wp\/v2\/media?parent=4283"}],"wp:term":[{"taxonomy":"product_brand","embeddable":true,"href":"https:\/\/meloni.dk\/index.php\/wp-json\/wp\/v2\/product_brand?post=4283"},{"taxonomy":"product_cat","embeddable":true,"href":"https:\/\/meloni.dk\/index.php\/wp-json\/wp\/v2\/product_cat?post=4283"},{"taxonomy":"product_tag","embeddable":true,"href":"https:\/\/meloni.dk\/index.php\/wp-json\/wp\/v2\/product_tag?post=4283"}],"curies":[{"name":"wp","href":"https:\/\/api.w.org\/{rel}","templated":true}]}}