{"id":4281,"date":"2025-03-17T13:59:34","date_gmt":"2025-03-17T13:59:34","guid":{"rendered":"https:\/\/meloni.dk\/?post_type=product&#038;p=4281"},"modified":"2025-05-05T08:23:30","modified_gmt":"2025-05-05T08:23:30","slug":"bliv-fantasidyrsopfinder","status":"publish","type":"product","link":"https:\/\/meloni.dk\/index.php\/product\/bliv-fantasidyrsopfinder\/","title":{"rendered":"Bliv fantasidyrsopfinder"},"content":{"rendered":"<p>Endelig en sjov undervisningsbog<\/p>\n<p>Undervisningsb\u00f8ger er kedelige, synes Lullu og hendes assistent, Gunnar. Derfor har de besluttet sig for at lave en sjov undervisningsbog om, hvordan man l\u00e6rer at tegne. S\u00e5dan rigtig tegne \u2013 ikke bare kvadrater, cirkler og trekanter, som man g\u00f8r i matematik med en passer, lineal og l\u00e6reren p\u00e5 nakken.<\/p>\n<p>I Lullu og Gunnars v\u00e6rksted er der ingen, der er p\u00e5 nakken af nogen \u2013 det skulle da lige v\u00e6re din fantasi, der jagter dig! S\u00e5 tr\u00e6d indenfor i Lullu og Gunnars v\u00e6rksted, hvor man kan uddanne sig til fantasidyrsopfinder. Det er et sp\u00e6ndende sted med store kartoteker fyldt med munde, arme og ben \u2013 og hvis du ikke kan bruge dem, der er, m\u00e5 du gerne finde p\u00e5 dine egne.<\/p>\n<p>For i dette v\u00e6rksted g\u00e6lder det om at s\u00e6tte fantasien fri og give den frit spil!<\/p>\n<p>Og det allerbedste er, at man aldrig bliver for gammel til at tegne flagsinkaduser og edderflapper, s\u00e5 bogen kan bruges af alle.<\/p>\n<p>&nbsp;<\/p>\n<p>Udkommer april 2025<\/p>\n","protected":false},"excerpt":{"rendered":"<p>Endelig en sjov undervisningsbog Undervisningsb\u00f8ger er kedelige, synes Lullu og hendes assistent, Gunnar. Derfor har de besluttet sig for at lave en sjov undervisningsbog om, hvordan man l\u00e6rer at tegne. S\u00e5dan rigtig tegne \u2013 ikke bare kvadrater, cirkler og trekanter, som man g\u00f8r i matematik med en passer, lineal og l\u00e6reren p\u00e5 nakken. I Lullu &hellip; <\/p>\n","protected":false},"featured_media":4282,"template":"","meta":[],"product_brand":[],"product_cat":[22],"product_tag":[],"class_list":{"0":"post-4281","1":"product","2":"type-product","3":"status-publish","4":"has-post-thumbnail","6":"product_cat-haandvaerk-og-design","8":"first","9":"instock","10":"taxable","11":"shipping-taxable","12":"purchasable","13":"product-type-simple"},"_links":{"self":[{"href":"https:\/\/meloni.dk\/index.php\/wp-json\/wp\/v2\/product\/4281","targetHints":{"allow":["GET"]}}],"collection":[{"href":"https:\/\/meloni.dk\/index.php\/wp-json\/wp\/v2\/product"}],"about":[{"href":"https:\/\/meloni.dk\/index.php\/wp-json\/wp\/v2\/types\/product"}],"wp:featuredmedia":[{"embeddable":true,"href":"https:\/\/meloni.dk\/index.php\/wp-json\/wp\/v2\/media\/4282"}],"wp:attachment":[{"href":"https:\/\/meloni.dk\/index.php\/wp-json\/wp\/v2\/media?parent=4281"}],"wp:term":[{"taxonomy":"product_brand","embeddable":true,"href":"https:\/\/meloni.dk\/index.php\/wp-json\/wp\/v2\/product_brand?post=4281"},{"taxonomy":"product_cat","embeddable":true,"href":"https:\/\/meloni.dk\/index.php\/wp-json\/wp\/v2\/product_cat?post=4281"},{"taxonomy":"product_tag","embeddable":true,"href":"https:\/\/meloni.dk\/index.php\/wp-json\/wp\/v2\/product_tag?post=4281"}],"curies":[{"name":"wp","href":"https:\/\/api.w.org\/{rel}","templated":true}]}}