{"id":4279,"date":"2025-03-17T13:49:10","date_gmt":"2025-03-17T13:49:10","guid":{"rendered":"https:\/\/meloni.dk\/?post_type=product&#038;p=4279"},"modified":"2025-10-29T07:54:45","modified_gmt":"2025-10-29T07:54:45","slug":"sammenspilsdidaktik","status":"publish","type":"product","link":"https:\/\/meloni.dk\/index.php\/product\/sammenspilsdidaktik\/","title":{"rendered":"Sammenspilsdidaktik"},"content":{"rendered":"<p>Bogen unders\u00f8ger didaktiske og metodiske overvejelser i forbindelse med rytmisk sammenspil i grundskolen. Forfatteren, der har udviklet egne sammenspilsmetoder, reflekterer over, hvordan man bedst organiserer sammenspil i hele klasser og undg\u00e5r at fokusere udelukkende p\u00e5 metode frem for didaktik. Bogen henvender sig til musikundervisere, l\u00e6rerstuderende og musikp\u00e6dagogiske forskere, der \u00f8nsker en dybere forst\u00e5else af sammenspilsdidaktik. Den f\u00f8rste del giver en historisk gennemgang af reformp\u00e6dagogikkens betydning for dansk musikundervisning, efterfulgt af en analyse af sammenspil i lyset af tre didaktiske retninger samt Blooms taksonomi. Lucy Greens forskning i rytmisk musikl\u00e6ring inddrages som en vigtig teoretisk ramme. Bogens forfatter vurderer nyere sammenspilsmetoder, herunder sine egne, og afslutter med en diskussion om musikkens dannelsespotentiale, b\u00e5de personligt og fagligt.<\/p>\n","protected":false},"excerpt":{"rendered":"<p>Bogen unders\u00f8ger didaktiske og metodiske overvejelser i forbindelse med rytmisk sammenspil i grundskolen. Forfatteren, der har udviklet egne sammenspilsmetoder, reflekterer over, hvordan man bedst organiserer sammenspil i hele klasser og undg\u00e5r at fokusere udelukkende p\u00e5 metode frem for didaktik. Bogen henvender sig til musikundervisere, l\u00e6rerstuderende og musikp\u00e6dagogiske forskere, der \u00f8nsker en dybere forst\u00e5else af sammenspilsdidaktik. &hellip; <\/p>\n","protected":false},"featured_media":4280,"template":"","meta":[],"product_brand":[],"product_cat":[431],"product_tag":[],"class_list":{"0":"post-4279","1":"product","2":"type-product","3":"status-publish","4":"has-post-thumbnail","6":"product_cat-musik","8":"first","9":"instock","10":"taxable","11":"shipping-taxable","12":"purchasable","13":"product-type-simple"},"_links":{"self":[{"href":"https:\/\/meloni.dk\/index.php\/wp-json\/wp\/v2\/product\/4279","targetHints":{"allow":["GET"]}}],"collection":[{"href":"https:\/\/meloni.dk\/index.php\/wp-json\/wp\/v2\/product"}],"about":[{"href":"https:\/\/meloni.dk\/index.php\/wp-json\/wp\/v2\/types\/product"}],"wp:featuredmedia":[{"embeddable":true,"href":"https:\/\/meloni.dk\/index.php\/wp-json\/wp\/v2\/media\/4280"}],"wp:attachment":[{"href":"https:\/\/meloni.dk\/index.php\/wp-json\/wp\/v2\/media?parent=4279"}],"wp:term":[{"taxonomy":"product_brand","embeddable":true,"href":"https:\/\/meloni.dk\/index.php\/wp-json\/wp\/v2\/product_brand?post=4279"},{"taxonomy":"product_cat","embeddable":true,"href":"https:\/\/meloni.dk\/index.php\/wp-json\/wp\/v2\/product_cat?post=4279"},{"taxonomy":"product_tag","embeddable":true,"href":"https:\/\/meloni.dk\/index.php\/wp-json\/wp\/v2\/product_tag?post=4279"}],"curies":[{"name":"wp","href":"https:\/\/api.w.org\/{rel}","templated":true}]}}