{"id":4257,"date":"2025-03-04T13:18:28","date_gmt":"2025-03-04T13:18:28","guid":{"rendered":"https:\/\/meloni.dk\/?post_type=product&#038;p=4257"},"modified":"2025-09-02T07:43:32","modified_gmt":"2025-09-02T07:43:32","slug":"grundbogen-til-madkundskab-6-klasse-25-stk","status":"publish","type":"product","link":"https:\/\/meloni.dk\/index.php\/product\/grundbogen-til-madkundskab-6-klasse-25-stk\/","title":{"rendered":"Grundbogen til Madkundskab &#8211; 6. klasse &#8211; 25 stk."},"content":{"rendered":"<div class=\"page\" title=\"Page 1\">\n<div class=\"section\">\n<div class=\"layoutArea\">\n<div class=\"column\">\n<p>Grundbogen til madkundskab er et engangsmateriale til elever i 6. klasse, der starter faget madkundskab pa\u030a obligatorisk niveau. Den rummer et opslag til hver uge hele skolea\u030aret, der passer til a\u030arstid, s\u00e6son og h\u00f8jtider, ligesom der er en gennemga\u030aende progression i materialet ba\u030ade i forhold til elevernes faglige viden og f\u00e6rdigheder. Hvert opslag byder pa\u030a introduktion til ugens tema, faglig viden, \u00f8velser, opskrifter og evaluering.<\/p>\n<p>Hensigt med dette l\u00e6remiddel er, at eleverne l\u00e6rer fagets indhold gennem en t\u00e6t kobling af det praktiske og det teoretiske. Den tilh\u00f8rende l\u00e6rervejledning beskriver og uddyber det faglige stof samt de didaktiske overvejelser, der ligger til grund for hver undervisningsgang. Materialet er lavet med udgangspunkt i F\u00e6lles ma\u030al.<\/p>\n<p>Udkommer august 2025<\/p>\n<\/div>\n<\/div>\n<\/div>\n<\/div>\n","protected":false},"excerpt":{"rendered":"<p>Grundbogen til madkundskab er et engangsmateriale til elever i 6. klasse, der starter faget madkundskab pa\u030a obligatorisk niveau. Den rummer et opslag til hver uge hele skolea\u030aret, der passer til a\u030arstid, s\u00e6son og h\u00f8jtider, ligesom der er en gennemga\u030aende progression i materialet ba\u030ade i forhold til elevernes faglige viden og f\u00e6rdigheder. Hvert opslag byder pa\u030a &hellip; <\/p>\n","protected":false},"featured_media":4253,"template":"","meta":[],"product_brand":[],"product_cat":[23],"product_tag":[],"class_list":{"0":"post-4257","1":"product","2":"type-product","3":"status-publish","4":"has-post-thumbnail","6":"product_cat-madkundskab","8":"first","9":"instock","10":"taxable","11":"shipping-taxable","12":"purchasable","13":"product-type-simple"},"_links":{"self":[{"href":"https:\/\/meloni.dk\/index.php\/wp-json\/wp\/v2\/product\/4257","targetHints":{"allow":["GET"]}}],"collection":[{"href":"https:\/\/meloni.dk\/index.php\/wp-json\/wp\/v2\/product"}],"about":[{"href":"https:\/\/meloni.dk\/index.php\/wp-json\/wp\/v2\/types\/product"}],"wp:featuredmedia":[{"embeddable":true,"href":"https:\/\/meloni.dk\/index.php\/wp-json\/wp\/v2\/media\/4253"}],"wp:attachment":[{"href":"https:\/\/meloni.dk\/index.php\/wp-json\/wp\/v2\/media?parent=4257"}],"wp:term":[{"taxonomy":"product_brand","embeddable":true,"href":"https:\/\/meloni.dk\/index.php\/wp-json\/wp\/v2\/product_brand?post=4257"},{"taxonomy":"product_cat","embeddable":true,"href":"https:\/\/meloni.dk\/index.php\/wp-json\/wp\/v2\/product_cat?post=4257"},{"taxonomy":"product_tag","embeddable":true,"href":"https:\/\/meloni.dk\/index.php\/wp-json\/wp\/v2\/product_tag?post=4257"}],"curies":[{"name":"wp","href":"https:\/\/api.w.org\/{rel}","templated":true}]}}