{"id":4107,"date":"2025-01-02T20:45:38","date_gmt":"2025-01-02T20:45:38","guid":{"rendered":"https:\/\/meloni.dk\/?post_type=product&#038;p=4107"},"modified":"2025-01-05T11:09:11","modified_gmt":"2025-01-05T11:09:11","slug":"tordenskiold","status":"publish","type":"product","link":"https:\/\/meloni.dk\/index.php\/product\/tordenskiold\/","title":{"rendered":"Tordenskiold"},"content":{"rendered":"<div class=\"page\" title=\"Page 1\">\n<div class=\"section\">\n<div class=\"layoutArea\">\n<div class=\"column\">\n<p>I Tjek pa\u030a historien kan du l\u00e6se om vigtige personer. Ba\u030ade danskere og folk fra andre lande. Du l\u00e6ser om deres liv, tid og handlinger, og du fa\u030ar svar pa\u030a, hvordan de var med til at forandre verden.<\/p>\n<p>Denne bog handler om s\u00f8helten Tordenskiold. Han blev f\u00f8dt i Trondheim i Norge i 1690. Dengang var Norge en del af Danmark. Han tog derfor sin uddan- nelse som s\u00f8officer i Danmark og vandt efterf\u00f8lgende nogle store s\u00f8slag for Danmark i krigen mod Sverige. Men inden da havde han v\u00e6ret pa\u030a andre eventyr, bl.a. ombord pa\u030a et slaveskib, der sejlede til Dansk Vestin- dien, og bes\u00f8gt den danske koloni Trankebar i Indien.<\/p>\n<p>Tordenskiold d\u00f8de allerede som 30 a\u030arig i en duel. Han er siden blevet hyldet som Danmarks st\u00f8rste s\u00f8helt.<\/p>\n<p>B\u00f8gerne i Tjek pa\u030a historien kan bruges til historie i 3.-5. klasse, men de er ogsa\u030a oplagte at bruge til emnearbejde, faglig l\u00e6sning eller som gode l\u00e6se- oplevelser.<\/p>\n<\/div>\n<\/div>\n<\/div>\n<\/div>\n","protected":false},"excerpt":{"rendered":"<p>I Tjek pa\u030a historien kan du l\u00e6se om vigtige personer. Ba\u030ade danskere og folk fra andre lande. Du l\u00e6ser om deres liv, tid og handlinger, og du fa\u030ar svar pa\u030a, hvordan de var med til at forandre verden. Denne bog handler om s\u00f8helten Tordenskiold. Han blev f\u00f8dt i Trondheim i Norge i 1690. Dengang var &hellip; <\/p>\n","protected":false},"featured_media":4108,"template":"","meta":[],"product_brand":[],"product_cat":[75,95],"product_tag":[],"class_list":{"0":"post-4107","1":"product","2":"type-product","3":"status-publish","4":"has-post-thumbnail","6":"product_cat-tilbud","7":"product_cat-tjek-paa-historien","9":"first","10":"instock","11":"taxable","12":"shipping-taxable","13":"purchasable","14":"product-type-variable"},"_links":{"self":[{"href":"https:\/\/meloni.dk\/index.php\/wp-json\/wp\/v2\/product\/4107","targetHints":{"allow":["GET"]}}],"collection":[{"href":"https:\/\/meloni.dk\/index.php\/wp-json\/wp\/v2\/product"}],"about":[{"href":"https:\/\/meloni.dk\/index.php\/wp-json\/wp\/v2\/types\/product"}],"wp:featuredmedia":[{"embeddable":true,"href":"https:\/\/meloni.dk\/index.php\/wp-json\/wp\/v2\/media\/4108"}],"wp:attachment":[{"href":"https:\/\/meloni.dk\/index.php\/wp-json\/wp\/v2\/media?parent=4107"}],"wp:term":[{"taxonomy":"product_brand","embeddable":true,"href":"https:\/\/meloni.dk\/index.php\/wp-json\/wp\/v2\/product_brand?post=4107"},{"taxonomy":"product_cat","embeddable":true,"href":"https:\/\/meloni.dk\/index.php\/wp-json\/wp\/v2\/product_cat?post=4107"},{"taxonomy":"product_tag","embeddable":true,"href":"https:\/\/meloni.dk\/index.php\/wp-json\/wp\/v2\/product_tag?post=4107"}],"curies":[{"name":"wp","href":"https:\/\/api.w.org\/{rel}","templated":true}]}}