{"id":4101,"date":"2024-12-18T13:07:31","date_gmt":"2024-12-18T13:07:31","guid":{"rendered":"https:\/\/meloni.dk\/?post_type=product&#038;p=4101"},"modified":"2024-12-18T13:07:31","modified_gmt":"2024-12-18T13:07:31","slug":"baronens-vase","status":"publish","type":"product","link":"https:\/\/meloni.dk\/index.php\/product\/baronens-vase\/","title":{"rendered":"Baronens Vase"},"content":{"rendered":"<p>Sikke en sommerferie&#8230;<\/p>\n<div>Det skulle egentlig bare have v\u00e6ret syv dage pa\u030a landet hos vores tante og on- kel &#8211; en ferie, som vi havde pr\u00f8vet sa\u030a mange gange f\u00f8r, med afslapning fra mor- gen til aften. Sol, sommer og masser af frisk luft. Hj\u00e6lpe onkel lidt med dyrene pa\u030a ga\u030arden og blive storfork\u00e6let af tante og hendes gode mad.<\/div>\n<div><\/div>\n<div>Men sa\u030adan gik det ikke &#8211; slet ikke! Lynhurtigt var min lillebror og jeg sammen med nabopigen Henriette kommet pa\u030a sporet af et r\u00f8veri. Nogen havde stja\u030alet en meget gammel og s\u00e6rlig v\u00e6rdifuld vase fra det lokale gods. Baronens vase.\u00a0Den skulle findes i en fart. Tyvene havde nemlig planer om at smugle den ud af landet, hvor den ville forsvinde for evigt. Bev\u00e6bnet med en gaffeltruck, fiske- stang, tantes hat og onkels gamle gev\u00e6r samt geden Karen og alt vores mod ma\u030atte vi pa\u030a jagt efter tyvene.<\/div>\n<div><\/div>\n<div>Det blev en h\u00e6sbl\u00e6sende sommerferie, hvor jeg var lige ved at blive \u00e6dt, og\u00a0l\u00f8sningen kom til at h\u00e6nge i en tynd tra\u030ad. Tag en dyb inda\u030anding, og gl\u00e6d dig\u00a0til at h\u00f8re min historie.<\/div>\n","protected":false},"excerpt":{"rendered":"<p>Sikke en sommerferie&#8230; Det skulle egentlig bare have v\u00e6ret syv dage pa\u030a landet hos vores tante og on- kel &#8211; en ferie, som vi havde pr\u00f8vet sa\u030a mange gange f\u00f8r, med afslapning fra mor- gen til aften. Sol, sommer og masser af frisk luft. Hj\u00e6lpe onkel lidt med dyrene pa\u030a ga\u030arden og blive storfork\u00e6let af &hellip; <\/p>\n","protected":false},"featured_media":4102,"template":"","meta":[],"product_brand":[],"product_cat":[76],"product_tag":[],"class_list":{"0":"post-4101","1":"product","2":"type-product","3":"status-publish","4":"has-post-thumbnail","6":"product_cat-skoenlitteratur","8":"first","9":"instock","10":"taxable","11":"shipping-taxable","12":"purchasable","13":"product-type-simple"},"_links":{"self":[{"href":"https:\/\/meloni.dk\/index.php\/wp-json\/wp\/v2\/product\/4101","targetHints":{"allow":["GET"]}}],"collection":[{"href":"https:\/\/meloni.dk\/index.php\/wp-json\/wp\/v2\/product"}],"about":[{"href":"https:\/\/meloni.dk\/index.php\/wp-json\/wp\/v2\/types\/product"}],"wp:featuredmedia":[{"embeddable":true,"href":"https:\/\/meloni.dk\/index.php\/wp-json\/wp\/v2\/media\/4102"}],"wp:attachment":[{"href":"https:\/\/meloni.dk\/index.php\/wp-json\/wp\/v2\/media?parent=4101"}],"wp:term":[{"taxonomy":"product_brand","embeddable":true,"href":"https:\/\/meloni.dk\/index.php\/wp-json\/wp\/v2\/product_brand?post=4101"},{"taxonomy":"product_cat","embeddable":true,"href":"https:\/\/meloni.dk\/index.php\/wp-json\/wp\/v2\/product_cat?post=4101"},{"taxonomy":"product_tag","embeddable":true,"href":"https:\/\/meloni.dk\/index.php\/wp-json\/wp\/v2\/product_tag?post=4101"}],"curies":[{"name":"wp","href":"https:\/\/api.w.org\/{rel}","templated":true}]}}