{"id":4093,"date":"2024-12-18T12:50:15","date_gmt":"2024-12-18T12:50:15","guid":{"rendered":"https:\/\/meloni.dk\/?post_type=product&#038;p=4093"},"modified":"2024-12-18T12:50:15","modified_gmt":"2024-12-18T12:50:15","slug":"afrikas-dyr","status":"publish","type":"product","link":"https:\/\/meloni.dk\/index.php\/product\/afrikas-dyr\/","title":{"rendered":"Afrikas Dyr"},"content":{"rendered":"<p>I Afrika lever nogle af de mest kendte og sp\u00e6ndende dyr. Afrika er et k\u00e6mpe omr\u00e5de med afvekslende naur og klima. Det giver gode levemuligheder for dyrene, der er tilpasset deres levesteder. I denne bog kan du l\u00e6se om nogle af de mest kendte dyr og se, hvor i Afrika de lever.<\/p>\n","protected":false},"excerpt":{"rendered":"<p>I Afrika lever nogle af de mest kendte og sp\u00e6ndende dyr. Afrika er et k\u00e6mpe omr\u00e5de med afvekslende naur og klima. Det giver gode levemuligheder for dyrene, der er tilpasset deres levesteder. I denne bog kan du l\u00e6se om nogle af de mest kendte dyr og se, hvor i Afrika de lever.<\/p>\n","protected":false},"featured_media":4094,"template":"","meta":[],"product_brand":[],"product_cat":[25],"product_tag":[],"class_list":{"0":"post-4093","1":"product","2":"type-product","3":"status-publish","4":"has-post-thumbnail","6":"product_cat-faglig-laesning","8":"first","9":"instock","10":"taxable","11":"shipping-taxable","12":"purchasable","13":"product-type-simple"},"_links":{"self":[{"href":"https:\/\/meloni.dk\/index.php\/wp-json\/wp\/v2\/product\/4093","targetHints":{"allow":["GET"]}}],"collection":[{"href":"https:\/\/meloni.dk\/index.php\/wp-json\/wp\/v2\/product"}],"about":[{"href":"https:\/\/meloni.dk\/index.php\/wp-json\/wp\/v2\/types\/product"}],"wp:featuredmedia":[{"embeddable":true,"href":"https:\/\/meloni.dk\/index.php\/wp-json\/wp\/v2\/media\/4094"}],"wp:attachment":[{"href":"https:\/\/meloni.dk\/index.php\/wp-json\/wp\/v2\/media?parent=4093"}],"wp:term":[{"taxonomy":"product_brand","embeddable":true,"href":"https:\/\/meloni.dk\/index.php\/wp-json\/wp\/v2\/product_brand?post=4093"},{"taxonomy":"product_cat","embeddable":true,"href":"https:\/\/meloni.dk\/index.php\/wp-json\/wp\/v2\/product_cat?post=4093"},{"taxonomy":"product_tag","embeddable":true,"href":"https:\/\/meloni.dk\/index.php\/wp-json\/wp\/v2\/product_tag?post=4093"}],"curies":[{"name":"wp","href":"https:\/\/api.w.org\/{rel}","templated":true}]}}