{"id":4091,"date":"2024-12-18T12:47:29","date_gmt":"2024-12-18T12:47:29","guid":{"rendered":"https:\/\/meloni.dk\/?post_type=product&#038;p=4091"},"modified":"2024-12-18T12:47:30","modified_gmt":"2024-12-18T12:47:30","slug":"ferrari-en-italiensk-legende","status":"publish","type":"product","link":"https:\/\/meloni.dk\/index.php\/product\/ferrari-en-italiensk-legende\/","title":{"rendered":"Ferrari \u2013 en italiensk legende"},"content":{"rendered":"<p>F\u00e5 biler kan f\u00e5 en bilentausiasts hjerte til at banke hurtigere end en Ferrari. Det italienske bilm\u00e6rke har siden den f\u00f8rste bil i 1947 haft en helt speciel status i bilverdenen. Ferrari er bl.a. det eneste hold, der altid har v\u00e6ret med i Formel 1, og holdet har fans over hele verden.<\/p>\n<div>Men Ferrari er meget mere end blot et Formel 1-hold. Det er hurtige biler, souvenirs og forlystelsesparker. Det er en italienske legende.<\/div>\n","protected":false},"excerpt":{"rendered":"<p>F\u00e5 biler kan f\u00e5 en bilentausiasts hjerte til at banke hurtigere end en Ferrari. Det italienske bilm\u00e6rke har siden den f\u00f8rste bil i 1947 haft en helt speciel status i bilverdenen. Ferrari er bl.a. det eneste hold, der altid har v\u00e6ret med i Formel 1, og holdet har fans over hele verden. Men Ferrari er &hellip; <\/p>\n","protected":false},"featured_media":4092,"template":"","meta":[],"product_brand":[],"product_cat":[25],"product_tag":[],"class_list":{"0":"post-4091","1":"product","2":"type-product","3":"status-publish","4":"has-post-thumbnail","6":"product_cat-faglig-laesning","8":"first","9":"instock","10":"taxable","11":"shipping-taxable","12":"purchasable","13":"product-type-simple"},"_links":{"self":[{"href":"https:\/\/meloni.dk\/index.php\/wp-json\/wp\/v2\/product\/4091","targetHints":{"allow":["GET"]}}],"collection":[{"href":"https:\/\/meloni.dk\/index.php\/wp-json\/wp\/v2\/product"}],"about":[{"href":"https:\/\/meloni.dk\/index.php\/wp-json\/wp\/v2\/types\/product"}],"wp:featuredmedia":[{"embeddable":true,"href":"https:\/\/meloni.dk\/index.php\/wp-json\/wp\/v2\/media\/4092"}],"wp:attachment":[{"href":"https:\/\/meloni.dk\/index.php\/wp-json\/wp\/v2\/media?parent=4091"}],"wp:term":[{"taxonomy":"product_brand","embeddable":true,"href":"https:\/\/meloni.dk\/index.php\/wp-json\/wp\/v2\/product_brand?post=4091"},{"taxonomy":"product_cat","embeddable":true,"href":"https:\/\/meloni.dk\/index.php\/wp-json\/wp\/v2\/product_cat?post=4091"},{"taxonomy":"product_tag","embeddable":true,"href":"https:\/\/meloni.dk\/index.php\/wp-json\/wp\/v2\/product_tag?post=4091"}],"curies":[{"name":"wp","href":"https:\/\/api.w.org\/{rel}","templated":true}]}}