{"id":3969,"date":"2024-12-11T10:02:34","date_gmt":"2024-12-11T10:02:34","guid":{"rendered":"https:\/\/meloni.dk\/?post_type=product&#038;p=3969"},"modified":"2024-12-11T10:02:34","modified_gmt":"2024-12-11T10:02:34","slug":"matematik-med-hoved-og-haender","status":"publish","type":"product","link":"https:\/\/meloni.dk\/index.php\/product\/matematik-med-hoved-og-haender\/","title":{"rendered":"Matematik med hoved og h\u00e6nder"},"content":{"rendered":"<p><b><i>Matematik med hoved og h\u00e6nder<\/i><\/b><i> \u2013 En praktiskfaglig tilgang til matematikfaget med afs\u00e6t i unders\u00f8gende matematik og matematik i anvendelse.<\/i> Dette er en samling af opgaver til dig, der gerne vil supplere din matematikundervisning med opgaver, der skaber variation, giver deltagelsesmuligheder for alle, og skaber en bedre sammenh\u00e6ng mellem teori og praksis.<\/p>\n<p>I opgaverne vil eleverne m\u00f8de b\u00e5de hands on-opgaver, opgaver hvor de skal reflektere sammen, og opgaver, der tager udgangspunkt i dem selv og deres hverdag. Opgaverne inviterer eleverne ind i en aktiv rolle, hvor medskabende matematik, fordybelse og ejerskab danner rammerne. Derudover l\u00e6gger opgaverne op til samarbejde, hvor det at t\u00e6nke forskelligt styrker f\u00e6llesskabet og bidrager til gode l\u00f8sningsstrategier.<\/p>\n<p>N\u00e5r vi tager udgangspunkt i os selv og aktivt medskaber matematikken, kan vi skabe l\u00e6ring, der lever videre, n\u00e5r bogen lukkes.<\/p>\n<p>Opgaverne i bogen er intuitivt opbygget, s\u00e5 b\u00e5de l\u00e6rere og elever hurtigt kan finde ud af, hvad m\u00e5let med opgaven er. Alle materialer, der skal bruges til opgaverne, kan findes i ethvert skoledepot.<\/p>\n<p>Bogen henvender sig prim\u00e6rt til mellemtrinnet, men flere af opgaverne kan differentieres og v\u00e6re relevante for udskolingen.<\/p>\n<p>Matematik er noget, vi er f\u00e6lles om. Velkommen til praksisfaglighed i matematik.<\/p>\n","protected":false},"excerpt":{"rendered":"<p>Matematik med hoved og h\u00e6nder \u2013 En praktiskfaglig tilgang til matematikfaget med afs\u00e6t i unders\u00f8gende matematik og matematik i anvendelse. Dette er en samling af opgaver til dig, der gerne vil supplere din matematikundervisning med opgaver, der skaber variation, giver deltagelsesmuligheder for alle, og skaber en bedre sammenh\u00e6ng mellem teori og praksis. I opgaverne vil &hellip; <\/p>\n","protected":false},"featured_media":3970,"template":"","meta":[],"product_brand":[],"product_cat":[83,74],"product_tag":[],"class_list":{"0":"post-3969","1":"product","2":"type-product","3":"status-publish","4":"has-post-thumbnail","6":"product_cat-fokus","7":"product_cat-matematik","9":"first","10":"instock","11":"taxable","12":"shipping-taxable","13":"purchasable","14":"product-type-simple"},"_links":{"self":[{"href":"https:\/\/meloni.dk\/index.php\/wp-json\/wp\/v2\/product\/3969","targetHints":{"allow":["GET"]}}],"collection":[{"href":"https:\/\/meloni.dk\/index.php\/wp-json\/wp\/v2\/product"}],"about":[{"href":"https:\/\/meloni.dk\/index.php\/wp-json\/wp\/v2\/types\/product"}],"wp:featuredmedia":[{"embeddable":true,"href":"https:\/\/meloni.dk\/index.php\/wp-json\/wp\/v2\/media\/3970"}],"wp:attachment":[{"href":"https:\/\/meloni.dk\/index.php\/wp-json\/wp\/v2\/media?parent=3969"}],"wp:term":[{"taxonomy":"product_brand","embeddable":true,"href":"https:\/\/meloni.dk\/index.php\/wp-json\/wp\/v2\/product_brand?post=3969"},{"taxonomy":"product_cat","embeddable":true,"href":"https:\/\/meloni.dk\/index.php\/wp-json\/wp\/v2\/product_cat?post=3969"},{"taxonomy":"product_tag","embeddable":true,"href":"https:\/\/meloni.dk\/index.php\/wp-json\/wp\/v2\/product_tag?post=3969"}],"curies":[{"name":"wp","href":"https:\/\/api.w.org\/{rel}","templated":true}]}}