{"id":3752,"date":"2024-08-16T13:53:53","date_gmt":"2024-08-16T13:53:53","guid":{"rendered":"https:\/\/meloni.dk\/?post_type=product&#038;p=3752"},"modified":"2024-12-11T10:04:07","modified_gmt":"2024-12-11T10:04:07","slug":"joergen-leth-film-lyrik-og-prosa-en-introduktion","status":"publish","type":"product","link":"https:\/\/meloni.dk\/index.php\/product\/joergen-leth-film-lyrik-og-prosa-en-introduktion\/","title":{"rendered":"J\u00f8rgen Leth &#8211; Film, lyrik og prosa &#8211; En introduktion"},"content":{"rendered":"<div class=\"page\" title=\"Page 2\">\n<div class=\"section\">\n<div class=\"layoutArea\">\n<div class=\"column\">\n<p>Der er en overbevisende sammenh\u00e6ngskraft mellem filmskaberen, digteren og prosaisten J\u00f8rgen Leths v\u00e6rker. Men selvom han er en popul\u00e6r kunstner i Danmark og ber\u00f8mt i udlandet for is\u00e6r sine film, er han noget n\u00e6r overset i dansk &#8211; og mediefagsundervisningen i de gymnasiale uddannelser.<span class=\"Apple-converted-space\">\u00a0<\/span><\/p>\n<p>Bogen introducerer til hans kunstneriske univers samt pr\u00e6senterer forskellige vinkler, som man kan planl\u00e6gge undervisningsforl\u00f8b i. Bogen henvender sig til dansk- og mediefagsl\u00e6rere i de gymnasiale uddannelser.<span class=\"Apple-converted-space\">\u00a0<\/span><\/p>\n<\/div>\n<div class=\"column\"><\/div>\n<\/div>\n<\/div>\n<\/div>\n","protected":false},"excerpt":{"rendered":"<p>Der er en overbevisende sammenh\u00e6ngskraft mellem filmskaberen, digteren og prosaisten J\u00f8rgen Leths v\u00e6rker. Men selvom han er en popul\u00e6r kunstner i Danmark og ber\u00f8mt i udlandet for is\u00e6r sine film, er han noget n\u00e6r overset i dansk &#8211; og mediefagsundervisningen i de gymnasiale uddannelser.\u00a0 Bogen introducerer til hans kunstneriske univers samt pr\u00e6senterer forskellige vinkler, som &hellip; <\/p>\n","protected":false},"featured_media":3753,"template":"","meta":[],"product_brand":[],"product_cat":[15,96],"product_tag":[],"class_list":{"0":"post-3752","1":"product","2":"type-product","3":"status-publish","4":"has-post-thumbnail","6":"product_cat-uncategorized","7":"product_cat-gymnasie","9":"first","10":"instock","11":"taxable","12":"shipping-taxable","13":"purchasable","14":"product-type-simple"},"_links":{"self":[{"href":"https:\/\/meloni.dk\/index.php\/wp-json\/wp\/v2\/product\/3752","targetHints":{"allow":["GET"]}}],"collection":[{"href":"https:\/\/meloni.dk\/index.php\/wp-json\/wp\/v2\/product"}],"about":[{"href":"https:\/\/meloni.dk\/index.php\/wp-json\/wp\/v2\/types\/product"}],"wp:featuredmedia":[{"embeddable":true,"href":"https:\/\/meloni.dk\/index.php\/wp-json\/wp\/v2\/media\/3753"}],"wp:attachment":[{"href":"https:\/\/meloni.dk\/index.php\/wp-json\/wp\/v2\/media?parent=3752"}],"wp:term":[{"taxonomy":"product_brand","embeddable":true,"href":"https:\/\/meloni.dk\/index.php\/wp-json\/wp\/v2\/product_brand?post=3752"},{"taxonomy":"product_cat","embeddable":true,"href":"https:\/\/meloni.dk\/index.php\/wp-json\/wp\/v2\/product_cat?post=3752"},{"taxonomy":"product_tag","embeddable":true,"href":"https:\/\/meloni.dk\/index.php\/wp-json\/wp\/v2\/product_tag?post=3752"}],"curies":[{"name":"wp","href":"https:\/\/api.w.org\/{rel}","templated":true}]}}