{"id":3687,"date":"2024-06-30T14:04:35","date_gmt":"2024-06-30T14:04:35","guid":{"rendered":"https:\/\/meloni.dk\/?post_type=product&#038;p=3687"},"modified":"2024-12-11T10:03:31","modified_gmt":"2024-12-11T10:03:31","slug":"asterix-som-tvaerfaglig-vinduesaabner","status":"publish","type":"product","link":"https:\/\/meloni.dk\/index.php\/product\/asterix-som-tvaerfaglig-vinduesaabner\/","title":{"rendered":"Asterix som tv\u00e6rfaglig vindues\u00e5bner"},"content":{"rendered":"<p><strong>Om vigtigheden af at v\u00e6re opm\u00e6rksom p\u00e5 konteksten.<\/strong><br \/>\nHvorfor og hvordan vi \u2013 ved at placere Asterix-tegneserien i dens historiske, sociale og kulturelle sammenh\u00e6ng \u2013 kan introducere eleverne til den lokale og globale kompleksitet i den moderne verden.<\/p>\n<p>Bogen handler ikke om Asterix, men om at fremme relevant sammenh\u00e6ngende viden for nutidens elever. Med relevant viden menes der ikke blot noget, som de hver is\u00e6r kan bruge til at at komme videre i deres egen uddannelse, men ogs\u00e5 noget, som et demokratisk samfund bygger p\u00e5 som et kollektiv for at kunne forholde sig til samfundsforandringer.<\/p>\n<p><strong>Kort om bogen<\/strong><br \/>\nVed hj\u00e6lp af denne bog kan l\u00e6rerne lede deres elever henimod en r\u00e6kke forskellige, men fagligt relevante temaer.<\/p>\n<p>P\u00e5 utraditionel vis kan de s\u00e5ledes stille mange sp\u00f8rgsm\u00e5l om og \u00e5bne mange vinduer mod viden og verden og v\u00e6kke en ny nysgerrighed.<\/p>\n<p>Ved at fokusere p\u00e5 produktion, formidling, modtagelse og fortolkning af et produkt, der er ret banalt, bliver opm\u00e6rksomheden f\u00f8rt hen p\u00e5 udviklingen af forholdet mellem kreativitet og massekultur p\u00e5 markedet \u2013 i dag et marked, der m\u00e5 forst\u00e5s som b\u00e5de globalt og lokalt, men stadigv\u00e6k et marked hvis fundament \u00e6ndrer sig, uden at man l\u00e6gger tilstr\u00e6kkeligt m\u00e6rke til det.<\/p>\n<p>Ved at vise, hvordan et kulturelt produkt, der ofte bliver fortolket og brugt p\u00e5 en overfladisk, partisk eller demagogisk m\u00e5de, faktisk er forankret i det sociale, bidrager denne bog b\u00e5de til kritik af populariseringen og til popularisering af kritikken.<br \/>\nBogen er t\u00e6nkt til l\u00e6rerne, som selv kan v\u00e6lge, hvad der interesserer dem mest, og hvad de bedst kan bruge. De kan hver is\u00e6r finde inspiration til at omformulere og tilpasse temaer, analyser og eksempler til deres elever. Med udgangspunkt i trivielle, almene og hverdagsagtige situationer er m\u00e5let at v\u00e6kke elevernes nysgerrighed og \u00e5bne vinduer mod verden for dem.<\/p>\n","protected":false},"excerpt":{"rendered":"<p>Om vigtigheden af at v\u00e6re opm\u00e6rksom p\u00e5 konteksten. Hvorfor og hvordan vi \u2013 ved at placere Asterix-tegneserien i dens historiske, sociale og kulturelle sammenh\u00e6ng \u2013 kan introducere eleverne til den lokale og globale kompleksitet i den moderne verden. Bogen handler ikke om Asterix, men om at fremme relevant sammenh\u00e6ngende viden for nutidens elever. Med relevant &hellip; <\/p>\n","protected":false},"featured_media":3688,"template":"","meta":[],"product_brand":[],"product_cat":[15],"product_tag":[],"class_list":{"0":"post-3687","1":"product","2":"type-product","3":"status-publish","4":"has-post-thumbnail","6":"product_cat-uncategorized","7":"product_shipping_class-vaegt","9":"first","10":"instock","11":"taxable","12":"shipping-taxable","13":"purchasable","14":"product-type-simple"},"_links":{"self":[{"href":"https:\/\/meloni.dk\/index.php\/wp-json\/wp\/v2\/product\/3687","targetHints":{"allow":["GET"]}}],"collection":[{"href":"https:\/\/meloni.dk\/index.php\/wp-json\/wp\/v2\/product"}],"about":[{"href":"https:\/\/meloni.dk\/index.php\/wp-json\/wp\/v2\/types\/product"}],"wp:featuredmedia":[{"embeddable":true,"href":"https:\/\/meloni.dk\/index.php\/wp-json\/wp\/v2\/media\/3688"}],"wp:attachment":[{"href":"https:\/\/meloni.dk\/index.php\/wp-json\/wp\/v2\/media?parent=3687"}],"wp:term":[{"taxonomy":"product_brand","embeddable":true,"href":"https:\/\/meloni.dk\/index.php\/wp-json\/wp\/v2\/product_brand?post=3687"},{"taxonomy":"product_cat","embeddable":true,"href":"https:\/\/meloni.dk\/index.php\/wp-json\/wp\/v2\/product_cat?post=3687"},{"taxonomy":"product_tag","embeddable":true,"href":"https:\/\/meloni.dk\/index.php\/wp-json\/wp\/v2\/product_tag?post=3687"}],"curies":[{"name":"wp","href":"https:\/\/api.w.org\/{rel}","templated":true}]}}