{"id":3550,"date":"2024-03-12T19:14:19","date_gmt":"2024-03-12T19:14:19","guid":{"rendered":"https:\/\/meloni.dk\/?post_type=product&#038;p=3550"},"modified":"2025-05-21T06:54:37","modified_gmt":"2025-05-21T06:54:37","slug":"plakat-med-sloejdlokalets-vaerktoej","status":"publish","type":"product","link":"https:\/\/meloni.dk\/index.php\/product\/plakat-med-sloejdlokalets-vaerktoej\/","title":{"rendered":"Plakat med sl\u00f8jdlokalets v\u00e6rkt\u00f8j"},"content":{"rendered":"<p>Plakat med sl\u00f8jdlokalets v\u00e6rkt\u00f8jer lige til at h\u00e6nge op. Plakaten m\u00e5ler 60&#215;80 cm. Plakaten er falset.<\/p>\n","protected":false},"excerpt":{"rendered":"<p>Plakat med sl\u00f8jdlokalets v\u00e6rkt\u00f8jer lige til at h\u00e6nge op. Plakaten m\u00e5ler 60&#215;80 cm. Plakaten er falset.<\/p>\n","protected":false},"featured_media":3551,"template":"","meta":[],"product_brand":[],"product_cat":[22],"product_tag":[],"class_list":{"0":"post-3550","1":"product","2":"type-product","3":"status-publish","4":"has-post-thumbnail","6":"product_cat-haandvaerk-og-design","8":"first","9":"instock","10":"taxable","11":"shipping-taxable","12":"purchasable","13":"product-type-simple"},"_links":{"self":[{"href":"https:\/\/meloni.dk\/index.php\/wp-json\/wp\/v2\/product\/3550","targetHints":{"allow":["GET"]}}],"collection":[{"href":"https:\/\/meloni.dk\/index.php\/wp-json\/wp\/v2\/product"}],"about":[{"href":"https:\/\/meloni.dk\/index.php\/wp-json\/wp\/v2\/types\/product"}],"wp:featuredmedia":[{"embeddable":true,"href":"https:\/\/meloni.dk\/index.php\/wp-json\/wp\/v2\/media\/3551"}],"wp:attachment":[{"href":"https:\/\/meloni.dk\/index.php\/wp-json\/wp\/v2\/media?parent=3550"}],"wp:term":[{"taxonomy":"product_brand","embeddable":true,"href":"https:\/\/meloni.dk\/index.php\/wp-json\/wp\/v2\/product_brand?post=3550"},{"taxonomy":"product_cat","embeddable":true,"href":"https:\/\/meloni.dk\/index.php\/wp-json\/wp\/v2\/product_cat?post=3550"},{"taxonomy":"product_tag","embeddable":true,"href":"https:\/\/meloni.dk\/index.php\/wp-json\/wp\/v2\/product_tag?post=3550"}],"curies":[{"name":"wp","href":"https:\/\/api.w.org\/{rel}","templated":true}]}}