{"id":3508,"date":"2024-02-21T10:54:01","date_gmt":"2024-02-21T10:54:01","guid":{"rendered":"https:\/\/meloni.dk\/?post_type=product&#038;p=3508"},"modified":"2024-02-21T10:59:11","modified_gmt":"2024-02-21T10:59:11","slug":"militaerfly","status":"publish","type":"product","link":"https:\/\/meloni.dk\/index.php\/product\/militaerfly\/","title":{"rendered":"Milit\u00e6rfly"},"content":{"rendered":"<p>I 1903 lettede mennesket for f\u00f8rste gang fra jorden i en maskine. Det var br\u00f8drene Wright, der fl\u00f8j nogle f\u00e5 meter i deres hjemmebyggede flyvemaskine. Snart gjorde flyvemaskine sit indtog ogs\u00e5 i milit\u00e6ret. Det satte gang i en voldsom udvikling af flyvemaskinen.<\/p>\n<p>I denne bog kan du l\u00e6se om forskellige milit\u00e6rfly helt tilbage fra Den f\u00f8rste Verdenskrig til i dag \u2013 fra Den r\u00f8de Baron til fly, der er usynlige p\u00e5 en radar.<\/p>\n","protected":false},"excerpt":{"rendered":"<p>I 1903 lettede mennesket for f\u00f8rste gang fra jorden i en maskine. Det var br\u00f8drene Wright, der fl\u00f8j nogle f\u00e5 meter i deres hjemmebyggede flyvemaskine. Snart gjorde flyvemaskine sit indtog ogs\u00e5 i milit\u00e6ret. Det satte gang i en voldsom udvikling af flyvemaskinen. I denne bog kan du l\u00e6se om forskellige milit\u00e6rfly helt tilbage fra Den &hellip; <\/p>\n","protected":false},"featured_media":3509,"template":"","meta":[],"product_brand":[],"product_cat":[25],"product_tag":[],"class_list":{"0":"post-3508","1":"product","2":"type-product","3":"status-publish","4":"has-post-thumbnail","6":"product_cat-faglig-laesning","8":"first","9":"instock","10":"taxable","11":"shipping-taxable","12":"purchasable","13":"product-type-simple"},"_links":{"self":[{"href":"https:\/\/meloni.dk\/index.php\/wp-json\/wp\/v2\/product\/3508","targetHints":{"allow":["GET"]}}],"collection":[{"href":"https:\/\/meloni.dk\/index.php\/wp-json\/wp\/v2\/product"}],"about":[{"href":"https:\/\/meloni.dk\/index.php\/wp-json\/wp\/v2\/types\/product"}],"wp:featuredmedia":[{"embeddable":true,"href":"https:\/\/meloni.dk\/index.php\/wp-json\/wp\/v2\/media\/3509"}],"wp:attachment":[{"href":"https:\/\/meloni.dk\/index.php\/wp-json\/wp\/v2\/media?parent=3508"}],"wp:term":[{"taxonomy":"product_brand","embeddable":true,"href":"https:\/\/meloni.dk\/index.php\/wp-json\/wp\/v2\/product_brand?post=3508"},{"taxonomy":"product_cat","embeddable":true,"href":"https:\/\/meloni.dk\/index.php\/wp-json\/wp\/v2\/product_cat?post=3508"},{"taxonomy":"product_tag","embeddable":true,"href":"https:\/\/meloni.dk\/index.php\/wp-json\/wp\/v2\/product_tag?post=3508"}],"curies":[{"name":"wp","href":"https:\/\/api.w.org\/{rel}","templated":true}]}}