{"id":3459,"date":"2024-01-31T10:46:51","date_gmt":"2024-01-31T10:46:51","guid":{"rendered":"https:\/\/meloni.dk\/?post_type=product&#038;p=3459"},"modified":"2024-11-25T12:57:36","modified_gmt":"2024-11-25T12:57:36","slug":"udeskole","status":"publish","type":"product","link":"https:\/\/meloni.dk\/index.php\/product\/udeskole\/","title":{"rendered":"Udeskolen"},"content":{"rendered":"<p>Kunne du t\u00e6nke dig at komme ud af klassev\u00e6relset med dine elever, men har sv\u00e6rt ved at komme i gang.<\/p>\n<p>Her er bogen, der hj\u00e6lper dig i gang med at arbejde med metoden udeskole og finde nye veje til l\u00e6ring. Du finder alt det praktiske til, hvordan du kommer godt fra start, og hvad du som minimum har brug for.<\/p>\n<p>Metoden er cirkul\u00e6r og udm\u00e6rker sig ved, at den aldrig er afgr\u00e6nset, men giver plads til fordybelse, genererer l\u00e6ring gennem krop og sanser og giver svar p\u00e5 mange planer.\u00a0 Ligeledes g\u00f8r udeskolen det nemmere at differentiere undervisningen. Alt i alt et bud p\u00e5, hvordan eleven udvikler mod og handlekraft &#8211; l\u00e6rer at anvende det l\u00e6rte til at n\u00e5 et m\u00e5l.<\/p>\n<p>Bogen er t\u00e6nkt til indskoling og specialskolen, men som min leder formulerede det: nem at \u201covers\u00e6tte\u201d til andre klassetrin. Det vigtige er, at undervisningen ude og inde h\u00e6nger sammen.<\/p>\n<p>Mange af emnerne vil kunne anvendes i SFO.<\/p>\n<p>Emnerne er \u00e5rstidsopdelte. Hver \u00e5rstid indeholder bud p\u00e5 aktiviteter, der kan foreg\u00e5 i naturen, n\u00e6rmilj\u00f8et og i byen.\u00a0 Der er tilstr\u00e6bt variation i emnerne og tv\u00e6rfaglighed er en stor mulighed. Alt du skal bruge til hvert emne er oplistet og grundigt beskrevet fra start til slut.<\/p>\n<p>Mine testl\u00e6sere melder tilbage, at bogen er nem at g\u00e5 til og meget inspirerende.<\/p>\n","protected":false},"excerpt":{"rendered":"<p>Kunne du t\u00e6nke dig at komme ud af klassev\u00e6relset med dine elever, men har sv\u00e6rt ved at komme i gang. Her er bogen, der hj\u00e6lper dig i gang med at arbejde med metoden udeskole og finde nye veje til l\u00e6ring. Du finder alt det praktiske til, hvordan du kommer godt fra start, og hvad du &hellip; <\/p>\n","protected":false},"featured_media":3460,"template":"","meta":[],"product_brand":[],"product_cat":[22],"product_tag":[],"class_list":{"0":"post-3459","1":"product","2":"type-product","3":"status-publish","4":"has-post-thumbnail","6":"product_cat-haandvaerk-og-design","8":"first","9":"instock","10":"taxable","11":"shipping-taxable","12":"purchasable","13":"product-type-simple"},"_links":{"self":[{"href":"https:\/\/meloni.dk\/index.php\/wp-json\/wp\/v2\/product\/3459","targetHints":{"allow":["GET"]}}],"collection":[{"href":"https:\/\/meloni.dk\/index.php\/wp-json\/wp\/v2\/product"}],"about":[{"href":"https:\/\/meloni.dk\/index.php\/wp-json\/wp\/v2\/types\/product"}],"wp:featuredmedia":[{"embeddable":true,"href":"https:\/\/meloni.dk\/index.php\/wp-json\/wp\/v2\/media\/3460"}],"wp:attachment":[{"href":"https:\/\/meloni.dk\/index.php\/wp-json\/wp\/v2\/media?parent=3459"}],"wp:term":[{"taxonomy":"product_brand","embeddable":true,"href":"https:\/\/meloni.dk\/index.php\/wp-json\/wp\/v2\/product_brand?post=3459"},{"taxonomy":"product_cat","embeddable":true,"href":"https:\/\/meloni.dk\/index.php\/wp-json\/wp\/v2\/product_cat?post=3459"},{"taxonomy":"product_tag","embeddable":true,"href":"https:\/\/meloni.dk\/index.php\/wp-json\/wp\/v2\/product_tag?post=3459"}],"curies":[{"name":"wp","href":"https:\/\/api.w.org\/{rel}","templated":true}]}}