{"id":3306,"date":"2023-10-09T09:00:35","date_gmt":"2023-10-09T09:00:35","guid":{"rendered":"https:\/\/meloni.dk\/?post_type=product&#038;p=3306"},"modified":"2024-10-02T11:57:45","modified_gmt":"2024-10-02T11:57:45","slug":"trae-og-metal","status":"publish","type":"product","link":"https:\/\/meloni.dk\/index.php\/product\/trae-og-metal\/","title":{"rendered":"Tr\u00e6 og metal"},"content":{"rendered":"<div class=\"page\" title=\"Page 2\">\n<div class=\"layoutArea\">\n<div class=\"column\">\n<div class=\"page\" title=\"Page 1\">\n<div class=\"section\">\n<div class=\"layoutArea\">\n<div class=\"column\">\n<p>Ha\u030andv\u00e6rk &amp; design &#8211; Tr\u00e6 og metal giver konkrete bud pa\u030a, hvad man som under- viser kan lave af forl\u00f8b og emner, hvor ha\u030andv\u00e6rk &amp; design ga\u030ar ha\u030and i ha\u030and. Der l\u00e6gges v\u00e6k pa\u030a velafpr\u00f8vede ideer og forl\u00f8b, som den mindre rutinerede l\u00e6rer kan bruge i den obligatoriske undervisning.<\/p>\n<p>Herudover er der en r\u00e6kke praktisk overvejelser og ideer, som kan bruges pa\u030a tv\u00e6rs af flere fag, til valghold m.m.<\/p>\n<p>Niels Lyngbo er rutineret l\u00e6rer, har renoveret flere faglokaler, blogger i faget, censor pa\u030a l\u00e6reruddannelsen, har siddet i redaktionen pa\u030a fagets fagblad og har lavet undervisningsmateriale til DA om ha\u030andv\u00e6rk &amp; design.<\/p>\n<\/div>\n<p>Der medf\u00f8lger en plakat med sl\u00f8jdlokalets v\u00e6rkt\u00f8j (v\u00e6rdi 100 kr.)<\/p>\n<div class=\"column\">\n<p>&nbsp;<\/p>\n<\/div>\n<\/div>\n<\/div>\n<\/div>\n<\/div>\n<\/div>\n<\/div>\n","protected":false},"excerpt":{"rendered":"<p>Ha\u030andv\u00e6rk &amp; design &#8211; Tr\u00e6 og metal giver konkrete bud pa\u030a, hvad man som under- viser kan lave af forl\u00f8b og emner, hvor ha\u030andv\u00e6rk &amp; design ga\u030ar ha\u030and i ha\u030and. Der l\u00e6gges v\u00e6k pa\u030a velafpr\u00f8vede ideer og forl\u00f8b, som den mindre rutinerede l\u00e6rer kan bruge i den obligatoriske undervisning. Herudover er der en r\u00e6kke praktisk &hellip; <\/p>\n","protected":false},"featured_media":3817,"template":"","meta":[],"product_brand":[],"product_cat":[22],"product_tag":[],"class_list":{"0":"post-3306","1":"product","2":"type-product","3":"status-publish","4":"has-post-thumbnail","6":"product_cat-haandvaerk-og-design","7":"product_shipping_class-vaegt","9":"first","10":"instock","11":"taxable","12":"shipping-taxable","13":"purchasable","14":"product-type-simple"},"_links":{"self":[{"href":"https:\/\/meloni.dk\/index.php\/wp-json\/wp\/v2\/product\/3306","targetHints":{"allow":["GET"]}}],"collection":[{"href":"https:\/\/meloni.dk\/index.php\/wp-json\/wp\/v2\/product"}],"about":[{"href":"https:\/\/meloni.dk\/index.php\/wp-json\/wp\/v2\/types\/product"}],"wp:featuredmedia":[{"embeddable":true,"href":"https:\/\/meloni.dk\/index.php\/wp-json\/wp\/v2\/media\/3817"}],"wp:attachment":[{"href":"https:\/\/meloni.dk\/index.php\/wp-json\/wp\/v2\/media?parent=3306"}],"wp:term":[{"taxonomy":"product_brand","embeddable":true,"href":"https:\/\/meloni.dk\/index.php\/wp-json\/wp\/v2\/product_brand?post=3306"},{"taxonomy":"product_cat","embeddable":true,"href":"https:\/\/meloni.dk\/index.php\/wp-json\/wp\/v2\/product_cat?post=3306"},{"taxonomy":"product_tag","embeddable":true,"href":"https:\/\/meloni.dk\/index.php\/wp-json\/wp\/v2\/product_tag?post=3306"}],"curies":[{"name":"wp","href":"https:\/\/api.w.org\/{rel}","templated":true}]}}