{"id":3301,"date":"2023-09-29T11:46:16","date_gmt":"2023-09-29T11:46:16","guid":{"rendered":"https:\/\/meloni.dk\/?post_type=product&#038;p=3301"},"modified":"2023-10-09T10:48:09","modified_gmt":"2023-10-09T10:48:09","slug":"ufo-faenomenet","status":"publish","type":"product","link":"https:\/\/meloni.dk\/index.php\/product\/ufo-faenomenet\/","title":{"rendered":"UFO F\u00e6nomenet"},"content":{"rendered":"<div class=\"page\" title=\"Page 1\">\n<div class=\"section\">\n<div class=\"layoutArea\">\n<div class=\"column\">\n<p>UFO f\u00e6nomenet er bogen til dig, der er nysgerrig p\u00e5 UFO&#8217;er og gerne vil vide mere. I bogen finder du de mest kendte, trov\u00e6rdige, spektakul\u00e6re og vigtigste UFO-historier. Bogen giver dig den baggrundsviden, du skal bruge til at tr\u00e6ffe dit eget valg. Er du &#8220;true believer&#8221;, skeptiker eller et sted midt imellem?<\/p>\n<p>Bogen tager dig med til det sagnomspundne styrt i Roswell og det hemmelige Area 51. Du kan ogs\u00e5 l\u00e6se om de mystiske For Fighters, der blev observeret under 2. Verdenskrig, UFO-bortf\u00f8relser og Pentagon-videoerne, hvor amerikanske kamppiloter har filmet UFO&#8217;er.<\/p>\n<p>Du vil ogs\u00e5 blive klogere p\u00e5, hvordan vi leder efter liv i universet.<\/p>\n<\/div>\n<\/div>\n<\/div>\n<\/div>\n","protected":false},"excerpt":{"rendered":"<p>UFO f\u00e6nomenet er bogen til dig, der er nysgerrig p\u00e5 UFO&#8217;er og gerne vil vide mere. I bogen finder du de mest kendte, trov\u00e6rdige, spektakul\u00e6re og vigtigste UFO-historier. Bogen giver dig den baggrundsviden, du skal bruge til at tr\u00e6ffe dit eget valg. Er du &#8220;true believer&#8221;, skeptiker eller et sted midt imellem? Bogen tager dig &hellip; <\/p>\n","protected":false},"featured_media":3302,"template":"","meta":[],"product_brand":[],"product_cat":[25],"product_tag":[],"class_list":{"0":"post-3301","1":"product","2":"type-product","3":"status-publish","4":"has-post-thumbnail","6":"product_cat-faglig-laesning","7":"product_shipping_class-vaegt","9":"first","10":"instock","11":"taxable","12":"shipping-taxable","13":"purchasable","14":"product-type-simple"},"_links":{"self":[{"href":"https:\/\/meloni.dk\/index.php\/wp-json\/wp\/v2\/product\/3301","targetHints":{"allow":["GET"]}}],"collection":[{"href":"https:\/\/meloni.dk\/index.php\/wp-json\/wp\/v2\/product"}],"about":[{"href":"https:\/\/meloni.dk\/index.php\/wp-json\/wp\/v2\/types\/product"}],"wp:featuredmedia":[{"embeddable":true,"href":"https:\/\/meloni.dk\/index.php\/wp-json\/wp\/v2\/media\/3302"}],"wp:attachment":[{"href":"https:\/\/meloni.dk\/index.php\/wp-json\/wp\/v2\/media?parent=3301"}],"wp:term":[{"taxonomy":"product_brand","embeddable":true,"href":"https:\/\/meloni.dk\/index.php\/wp-json\/wp\/v2\/product_brand?post=3301"},{"taxonomy":"product_cat","embeddable":true,"href":"https:\/\/meloni.dk\/index.php\/wp-json\/wp\/v2\/product_cat?post=3301"},{"taxonomy":"product_tag","embeddable":true,"href":"https:\/\/meloni.dk\/index.php\/wp-json\/wp\/v2\/product_tag?post=3301"}],"curies":[{"name":"wp","href":"https:\/\/api.w.org\/{rel}","templated":true}]}}