{"id":3297,"date":"2023-09-29T11:35:13","date_gmt":"2023-09-29T11:35:13","guid":{"rendered":"https:\/\/meloni.dk\/?post_type=product&#038;p=3297"},"modified":"2025-01-05T11:07:34","modified_gmt":"2025-01-05T11:07:34","slug":"arbejderbevaegelsen","status":"publish","type":"product","link":"https:\/\/meloni.dk\/index.php\/product\/arbejderbevaegelsen\/","title":{"rendered":"Arbejderbev\u00e6gelsen"},"content":{"rendered":"<div class=\"page\" title=\"Page 1\">\n<div class=\"section\">\n<div class=\"layoutArea\">\n<div class=\"column\">\n<p>Den 5. maj 1872 kom det til sammenst\u00f8d mellem utilfredse arbejdere pa\u030a den ene side og politi og milit\u00e6r pa\u030a den anden. Sammenst\u00f8det fik siden navnet Slaget pa\u030a F\u00e6lleden og blev et symbol pa\u030a kampen for bedre forhold pa\u030a de arbejdspladser og fabrikker, der var resultatet af den spirende industrielle revolution. En revolution, der bet\u00f8d, at byerne voksede, nye tanker om samfundets opbygning sa\u030a dagens lys og en spirende arbejderklasse, der ikke havde t\u00e6nkt sig at lade sig udnytte. Striden resulterede i Septemberforliget den 5. september 1899 mellem arbejdsgivere og arbejdstagere, hvori det stod skrevet at forholdene skulle ordnes indbyrdes mellem dem. Den danske Model var skabt. En model, der stadig danner grundlaget for det danske arbejdsmarked.<\/p>\n<\/div>\n<div class=\"page\" title=\"Page 1\">\n<div class=\"section\">\n<div class=\"layoutArea\">\n<div class=\"column\">\n<p><strong>Historisk Bibliotek<\/strong><br \/>\nHistorisk Bibliotek er en serie temab\u00f8ger om vigtige historiske begivenheder, danske som udenlandske. B\u00f8gerne fort\u00e6ller i et letforsta\u030aeligt sprog om baggrunden for centrale begivenheder, der har pr\u00e6get sa\u030avel fortid som nutid. Historisk Bibliotek er skrevet for historieinteresserede l\u00e6sere fra 12 a\u030ar.<\/p>\n<\/div>\n<\/div>\n<\/div>\n<\/div>\n<\/div>\n<\/div>\n<\/div>\n","protected":false},"excerpt":{"rendered":"<p>Den 5. maj 1872 kom det til sammenst\u00f8d mellem utilfredse arbejdere pa\u030a den ene side og politi og milit\u00e6r pa\u030a den anden. Sammenst\u00f8det fik siden navnet Slaget pa\u030a F\u00e6lleden og blev et symbol pa\u030a kampen for bedre forhold pa\u030a de arbejdspladser og fabrikker, der var resultatet af den spirende industrielle revolution. En revolution, der bet\u00f8d, &hellip; <\/p>\n","protected":false},"featured_media":3298,"template":"","meta":[],"product_brand":[],"product_cat":[94,75],"product_tag":[],"class_list":{"0":"post-3297","1":"product","2":"type-product","3":"status-publish","4":"has-post-thumbnail","6":"product_cat-historisk-bibliotek","7":"product_cat-tilbud","8":"product_shipping_class-vaegt","10":"first","11":"instock","12":"taxable","13":"shipping-taxable","14":"purchasable","15":"product-type-variable","16":"has-default-attributes"},"_links":{"self":[{"href":"https:\/\/meloni.dk\/index.php\/wp-json\/wp\/v2\/product\/3297","targetHints":{"allow":["GET"]}}],"collection":[{"href":"https:\/\/meloni.dk\/index.php\/wp-json\/wp\/v2\/product"}],"about":[{"href":"https:\/\/meloni.dk\/index.php\/wp-json\/wp\/v2\/types\/product"}],"wp:featuredmedia":[{"embeddable":true,"href":"https:\/\/meloni.dk\/index.php\/wp-json\/wp\/v2\/media\/3298"}],"wp:attachment":[{"href":"https:\/\/meloni.dk\/index.php\/wp-json\/wp\/v2\/media?parent=3297"}],"wp:term":[{"taxonomy":"product_brand","embeddable":true,"href":"https:\/\/meloni.dk\/index.php\/wp-json\/wp\/v2\/product_brand?post=3297"},{"taxonomy":"product_cat","embeddable":true,"href":"https:\/\/meloni.dk\/index.php\/wp-json\/wp\/v2\/product_cat?post=3297"},{"taxonomy":"product_tag","embeddable":true,"href":"https:\/\/meloni.dk\/index.php\/wp-json\/wp\/v2\/product_tag?post=3297"}],"curies":[{"name":"wp","href":"https:\/\/api.w.org\/{rel}","templated":true}]}}