{"id":2730,"date":"2022-09-28T14:57:53","date_gmt":"2022-09-28T14:57:53","guid":{"rendered":"http:\/\/meloni.dk\/?post_type=product&#038;p=2730"},"modified":"2022-12-09T08:10:06","modified_gmt":"2022-12-09T08:10:06","slug":"madkundskab-klar-til-proeven","status":"publish","type":"product","link":"https:\/\/meloni.dk\/index.php\/product\/madkundskab-klar-til-proeven\/","title":{"rendered":"Madkundskab &#8211; Klar til Pr\u00f8ven"},"content":{"rendered":"<p>Form\u00e5let med denne bog er at vejlede og st\u00f8tte l\u00e6reren i at tilrettel\u00e6gge pr\u00f8ven til valgfaget madkundskab, s\u00e5 der er sammenh\u00e6ng mellem den m\u00e5de undervisningen i valgfaget har v\u00e6ret struktureret p\u00e5 de forgangne to \u00e5r og pr\u00f8ven. Dette med \u00f8nsket om at skabe et trygt pr\u00f8veforl\u00f8b, hvor alle elever f\u00e5r mulighed for at demonstrere deres tilegnede faglige og praktiske kompetencer Pr\u00f8ven i valgfaget madkundskab er en praktisk mundtlig pr\u00f8ve, der indeholder en planl\u00e6gningsfase, en udf\u00f8relsesfase og en afsluttende samtale. Bogen udfolder, hvordan l\u00e6reren kan organisere tiden op til pr\u00f8ve og selve pr\u00f8ven. I den sidste del af bogen findes 10 forskellige eksempler p\u00e5 pr\u00f8veopl\u00e6g, som l\u00e6reren kan lade sig inspirere af i \u00e5rsplanl\u00e6gningen og til udformning af pr\u00f8veopl\u00e6g til den praktisk mundtlige pr\u00f8ve i valgfaget madkundskab.<\/p>\n","protected":false},"excerpt":{"rendered":"<p>Form\u00e5let med denne bog er at vejlede og st\u00f8tte l\u00e6reren i at tilrettel\u00e6gge pr\u00f8ven til valgfaget madkundskab, s\u00e5 der er sammenh\u00e6ng mellem den m\u00e5de undervisningen i valgfaget har v\u00e6ret struktureret p\u00e5 de forgangne to \u00e5r og pr\u00f8ven. Dette med \u00f8nsket om at skabe et trygt pr\u00f8veforl\u00f8b, hvor alle elever f\u00e5r mulighed for at demonstrere deres tilegnede faglige og praktiske kompetencer Pr\u00f8ven i valgfaget madkundskab er en praktisk mundtlig pr\u00f8ve, der indeholder en planl\u00e6gningsfase, en udf\u00f8relsesfase og en afsluttende samtale. Bogen udfolder, hvordan l\u00e6reren kan organisere tiden op til pr\u00f8ve og selve pr\u00f8ven. I den sidste del af bogen findes 10 forskellige eksempler p\u00e5 pr\u00f8veopl\u00e6g, som l\u00e6reren kan lade sig inspirere af i \u00e5rsplanl\u00e6gningen og til udformning af pr\u00f8veopl\u00e6g til den praktisk mundtlige pr\u00f8ve i valgfaget madkundskab.<\/p>\n","protected":false},"featured_media":2882,"template":"","meta":[],"product_brand":[],"product_cat":[23],"product_tag":[],"class_list":{"0":"post-2730","1":"product","2":"type-product","3":"status-publish","4":"has-post-thumbnail","6":"product_cat-madkundskab","8":"first","9":"instock","10":"taxable","11":"shipping-taxable","12":"purchasable","13":"product-type-simple"},"_links":{"self":[{"href":"https:\/\/meloni.dk\/index.php\/wp-json\/wp\/v2\/product\/2730","targetHints":{"allow":["GET"]}}],"collection":[{"href":"https:\/\/meloni.dk\/index.php\/wp-json\/wp\/v2\/product"}],"about":[{"href":"https:\/\/meloni.dk\/index.php\/wp-json\/wp\/v2\/types\/product"}],"wp:featuredmedia":[{"embeddable":true,"href":"https:\/\/meloni.dk\/index.php\/wp-json\/wp\/v2\/media\/2882"}],"wp:attachment":[{"href":"https:\/\/meloni.dk\/index.php\/wp-json\/wp\/v2\/media?parent=2730"}],"wp:term":[{"taxonomy":"product_brand","embeddable":true,"href":"https:\/\/meloni.dk\/index.php\/wp-json\/wp\/v2\/product_brand?post=2730"},{"taxonomy":"product_cat","embeddable":true,"href":"https:\/\/meloni.dk\/index.php\/wp-json\/wp\/v2\/product_cat?post=2730"},{"taxonomy":"product_tag","embeddable":true,"href":"https:\/\/meloni.dk\/index.php\/wp-json\/wp\/v2\/product_tag?post=2730"}],"curies":[{"name":"wp","href":"https:\/\/api.w.org\/{rel}","templated":true}]}}