{"id":2728,"date":"2022-09-28T10:47:50","date_gmt":"2022-09-28T10:47:50","guid":{"rendered":"http:\/\/meloni.dk\/index.php\/product\/dansk-vestindien-et-hndvrkertilbud\/"},"modified":"2024-11-25T12:58:17","modified_gmt":"2024-11-25T12:58:17","slug":"dansk-vestindien-et-hndvrkertilbud","status":"publish","type":"product","link":"https:\/\/meloni.dk\/index.php\/product\/dansk-vestindien-et-hndvrkertilbud\/","title":{"rendered":"Dansk Vestindien &#8211; Et h&aring;ndv&aelig;rkertilbud"},"content":{"rendered":"<p>Denne udgivelse bygger p\u00e5 en samling af et halvt hundrede postkort fra Dansk Vestindien fra begyndelsen af 1900-tallet. Det vides ikke, hvilken f\u00e6lles baggrund de har &#8211; hvem, der har samlet dem. En bevidst sammensat per- sonlig samling? En tilf\u00e6ldigt tilvejebragt samling? Tja &#8230;. Kun et enkelt af kortene har frim\u00e6rke p\u00e5, og har v\u00e6ret afsendt. Resten er kort, der aldrig kom i h\u00e6nderne p\u00e5 postv\u00e6senet i hverken Dansk Vestindien eller i Danmark. Det er egentlig ogs\u00e5 ligegyldigt i denne sammenh\u00e6ng, hvor det interessante er et \u00f8jebliksbillede af, hvad det var, Danmark solgte i danmarkshistoriens st\u00f8rste ejendomshandel. S\u00e6lgeren var den danske stat. Forskellige farverige ejendomsm\u00e6glere var inde over. Og antallet af potentielle k\u00f8bere var begr\u00e6nset. Tager man de positive briller p\u00e5, var der i sandhed tale om et liebhavertilbud. V\u00e6lger man en mere pessimistisk tilgang &#8211; nogen vil tilmed kalde det en realistisk tilgang &#8211; s\u00e5 var der m\u00e5ske snare tale om et h\u00e5ndv\u00e6rkertilbud. Det tog da ogs\u00e5 en rum til f\u00f8r en handel var p\u00e5 plads og den danske stat kunne hamre et &#8221; Solgt&#8221;-skilt i den danskvestindiske muld.<\/p>\n","protected":false},"excerpt":{"rendered":"<p>Denne udgivelse bygger p\u00e5 en samling af et halvt hundrede postkort fra Dansk Vestindien fra begyndelsen af 1900-tallet. Det vides ikke, hvilken f\u00e6lles baggrund de har &#8211; hvem, der har samlet dem. En bevidst sammensat per- sonlig samling? En tilf\u00e6ldigt tilvejebragt samling? Tja &#8230;. Kun et enkelt af kortene har frim\u00e6rke p\u00e5, og har v\u00e6ret afsendt. Resten er kort, der aldrig kom i h\u00e6nderne p\u00e5 postv\u00e6senet i hverken Dansk Vestindien eller i Danmark. Det er egentlig ogs\u00e5 ligegyldigt i denne sammenh\u00e6ng, hvor det interessante er et \u00f8jebliksbillede af, hvad det var, Danmark solgte i danmarkshistoriens st\u00f8rste ejendomshandel. S\u00e6lgeren var den danske stat. Forskellige farverige ejendomsm\u00e6glere var inde over. Og antallet af potentielle k\u00f8bere var begr\u00e6nset. Tager man de positive briller p\u00e5, var der i sandhed tale om et liebhavertilbud. V\u00e6lger man en mere pessimistisk tilgang &#8211; nogen vil tilmed kalde det en realistisk tilgang &#8211; s\u00e5 var der m\u00e5ske snare tale om et h\u00e5ndv\u00e6rkertilbud. Det tog da ogs\u00e5 en rum til f\u00f8r en handel var p\u00e5 plads og den danske stat kunne hamre et &#8221; Solgt&#8221;-skilt i den danskvestindiske muld.<\/p>\n","protected":false},"featured_media":3328,"template":"","meta":[],"product_brand":[],"product_cat":[97],"product_tag":[],"class_list":{"0":"post-2728","1":"product","2":"type-product","3":"status-publish","4":"has-post-thumbnail","6":"product_cat-andet-historie","8":"first","9":"instock","10":"taxable","11":"shipping-taxable","12":"purchasable","13":"product-type-simple"},"_links":{"self":[{"href":"https:\/\/meloni.dk\/index.php\/wp-json\/wp\/v2\/product\/2728","targetHints":{"allow":["GET"]}}],"collection":[{"href":"https:\/\/meloni.dk\/index.php\/wp-json\/wp\/v2\/product"}],"about":[{"href":"https:\/\/meloni.dk\/index.php\/wp-json\/wp\/v2\/types\/product"}],"wp:featuredmedia":[{"embeddable":true,"href":"https:\/\/meloni.dk\/index.php\/wp-json\/wp\/v2\/media\/3328"}],"wp:attachment":[{"href":"https:\/\/meloni.dk\/index.php\/wp-json\/wp\/v2\/media?parent=2728"}],"wp:term":[{"taxonomy":"product_brand","embeddable":true,"href":"https:\/\/meloni.dk\/index.php\/wp-json\/wp\/v2\/product_brand?post=2728"},{"taxonomy":"product_cat","embeddable":true,"href":"https:\/\/meloni.dk\/index.php\/wp-json\/wp\/v2\/product_cat?post=2728"},{"taxonomy":"product_tag","embeddable":true,"href":"https:\/\/meloni.dk\/index.php\/wp-json\/wp\/v2\/product_tag?post=2728"}],"curies":[{"name":"wp","href":"https:\/\/api.w.org\/{rel}","templated":true}]}}