{"id":2711,"date":"2022-09-28T10:47:47","date_gmt":"2022-09-28T10:47:47","guid":{"rendered":"http:\/\/meloni.dk\/index.php\/product\/em-i-fodbold\/"},"modified":"2024-11-25T12:56:27","modified_gmt":"2024-11-25T12:56:27","slug":"em-i-fodbold","status":"publish","type":"product","link":"https:\/\/meloni.dk\/index.php\/product\/em-i-fodbold\/","title":{"rendered":"EM i fodbold"},"content":{"rendered":"<p>Europamesterskabet i fodbold er en af verdens st\u00f8rste sportsbegi- venheder. Hvert fjerde \u00e5r m\u00f8des en r\u00e6kke lande for at afg\u00f8re, hvem der har det bedste hold. Historien om europamesterskabet i fodbold g\u00e5r tilbage til 1960, hvor Italien vandt den f\u00f8rste turnering. Danmark har v\u00e6ret med flere gange og vandt i 1992, men vidste du at Danmark var i semifinalen i 1964? Eller at finalen i 1996 blev afgjort p\u00e5 Golden Goal? Eller hvilket land, der har vundet to gange i tr\u00e6k? Eller&#8230;<\/p>\n","protected":false},"excerpt":{"rendered":"<p>Europamesterskabet i fodbold er en af verdens st\u00f8rste sportsbegi- venheder. Hvert fjerde \u00e5r m\u00f8des en r\u00e6kke lande for at afg\u00f8re, hvem der har det bedste hold. Historien om europamesterskabet i fodbold g\u00e5r tilbage til 1960, hvor Italien vandt den f\u00f8rste turnering. Danmark har v\u00e6ret med flere gange og vandt i 1992, men vidste du at Danmark var i semifinalen i 1964? Eller at finalen i 1996 blev afgjort p\u00e5 Golden Goal? Eller hvilket land, der har vundet to gange i tr\u00e6k? Eller&#8230;<\/p>\n","protected":false},"featured_media":2889,"template":"","meta":[],"product_brand":[],"product_cat":[25],"product_tag":[],"class_list":{"0":"post-2711","1":"product","2":"type-product","3":"status-publish","4":"has-post-thumbnail","6":"product_cat-faglig-laesning","8":"first","9":"instock","10":"taxable","11":"shipping-taxable","12":"purchasable","13":"product-type-simple"},"_links":{"self":[{"href":"https:\/\/meloni.dk\/index.php\/wp-json\/wp\/v2\/product\/2711","targetHints":{"allow":["GET"]}}],"collection":[{"href":"https:\/\/meloni.dk\/index.php\/wp-json\/wp\/v2\/product"}],"about":[{"href":"https:\/\/meloni.dk\/index.php\/wp-json\/wp\/v2\/types\/product"}],"wp:featuredmedia":[{"embeddable":true,"href":"https:\/\/meloni.dk\/index.php\/wp-json\/wp\/v2\/media\/2889"}],"wp:attachment":[{"href":"https:\/\/meloni.dk\/index.php\/wp-json\/wp\/v2\/media?parent=2711"}],"wp:term":[{"taxonomy":"product_brand","embeddable":true,"href":"https:\/\/meloni.dk\/index.php\/wp-json\/wp\/v2\/product_brand?post=2711"},{"taxonomy":"product_cat","embeddable":true,"href":"https:\/\/meloni.dk\/index.php\/wp-json\/wp\/v2\/product_cat?post=2711"},{"taxonomy":"product_tag","embeddable":true,"href":"https:\/\/meloni.dk\/index.php\/wp-json\/wp\/v2\/product_tag?post=2711"}],"curies":[{"name":"wp","href":"https:\/\/api.w.org\/{rel}","templated":true}]}}