{"id":2707,"date":"2022-09-28T10:47:46","date_gmt":"2022-09-28T10:47:46","guid":{"rendered":"http:\/\/meloni.dk\/index.php\/product\/islamisk-stat\/"},"modified":"2024-11-25T12:57:23","modified_gmt":"2024-11-25T12:57:23","slug":"islamisk-stat","status":"publish","type":"product","link":"https:\/\/meloni.dk\/index.php\/product\/islamisk-stat\/","title":{"rendered":"Islamisk Stat"},"content":{"rendered":"<p>Historien om Islamisk Stat (IS) er historien om en terrorbev\u00e6gelse, der for alvor blev kendt i 2014, da IS indtog Mosul i det nordlige Irak, og som i maj 2015 kontrollerede\u00a0et omr\u00e5de p\u00e5 st\u00f8rrelse med Storbritannien. Det er historien om, hvordan den islamiske revolution i Iran i 1979, USAs invasion af Irak i 2003 og udbruddet af den syriske borgerkrig i 2011 alle spillede en afg\u00f8rende rolle for Islamisk Stats tilblivelse. Men det er ogs\u00e5 historien om, hvordan Mellem\u00f8sten i stigende grad er blevet mere og mere splittet mellem sunni-muslimer og shia-muslimer. Alt det &#8211; og meget mere &#8211; kan du blive klogere p\u00e5 i denne bog.<\/p>\n","protected":false},"excerpt":{"rendered":"<p>Historien om Islamisk Stat (IS) er historien om en terrorbev\u00e6gelse, der for alvor blev kendt i 2014, da IS indtog Mosul i det nordlige Irak, og som i maj 2015 kontrollerede\u00a0et omr\u00e5de p\u00e5 st\u00f8rrelse med Storbritannien. Det er historien om, hvordan den islamiske revolution i Iran i 1979, USAs invasion af Irak i 2003 og udbruddet af den syriske borgerkrig i 2011 alle spillede en afg\u00f8rende rolle for Islamisk Stats tilblivelse. Men det er ogs\u00e5 historien om, hvordan Mellem\u00f8sten i stigende grad er blevet mere og mere splittet mellem sunni-muslimer og shia-muslimer. Alt det &#8211; og meget mere &#8211; kan du blive klogere p\u00e5 i denne bog.<\/p>\n","protected":false},"featured_media":2890,"template":"","meta":[],"product_brand":[],"product_cat":[97],"product_tag":[],"class_list":{"0":"post-2707","1":"product","2":"type-product","3":"status-publish","4":"has-post-thumbnail","6":"product_cat-andet-historie","8":"first","9":"instock","10":"taxable","11":"shipping-taxable","12":"purchasable","13":"product-type-simple"},"_links":{"self":[{"href":"https:\/\/meloni.dk\/index.php\/wp-json\/wp\/v2\/product\/2707","targetHints":{"allow":["GET"]}}],"collection":[{"href":"https:\/\/meloni.dk\/index.php\/wp-json\/wp\/v2\/product"}],"about":[{"href":"https:\/\/meloni.dk\/index.php\/wp-json\/wp\/v2\/types\/product"}],"wp:featuredmedia":[{"embeddable":true,"href":"https:\/\/meloni.dk\/index.php\/wp-json\/wp\/v2\/media\/2890"}],"wp:attachment":[{"href":"https:\/\/meloni.dk\/index.php\/wp-json\/wp\/v2\/media?parent=2707"}],"wp:term":[{"taxonomy":"product_brand","embeddable":true,"href":"https:\/\/meloni.dk\/index.php\/wp-json\/wp\/v2\/product_brand?post=2707"},{"taxonomy":"product_cat","embeddable":true,"href":"https:\/\/meloni.dk\/index.php\/wp-json\/wp\/v2\/product_cat?post=2707"},{"taxonomy":"product_tag","embeddable":true,"href":"https:\/\/meloni.dk\/index.php\/wp-json\/wp\/v2\/product_tag?post=2707"}],"curies":[{"name":"wp","href":"https:\/\/api.w.org\/{rel}","templated":true}]}}