{"id":2704,"date":"2022-09-28T10:47:44","date_gmt":"2022-09-28T10:47:44","guid":{"rendered":"http:\/\/meloni.dk\/index.php\/product\/tematisk-danmarkshistorie\/"},"modified":"2023-10-30T10:38:04","modified_gmt":"2023-10-30T10:38:04","slug":"tematisk-danmarkshistorie","status":"publish","type":"product","link":"https:\/\/meloni.dk\/index.php\/product\/tematisk-danmarkshistorie\/","title":{"rendered":"Tematisk Danmarkshistorie"},"content":{"rendered":"<p>I denne bog kan du l\u00e6se om udviklingen indenfor forskellige temaer. Gennem en kort tekst og en masse illustrationer fort\u00e6lles udviklingen inden- for f\u00f8lgende temaer fra oldtid til i dag:<\/p>\n<ul>\n<li>Beboelse<\/li>\n<li>Billedsten, runesten og andre mindesm\u00e6rker<\/li>\n<li>Forsvar, slotte og herreg\u00e5rde<\/li>\n<li>Gravminder og -anl\u00e6g<\/li>\n<li>Handel og byerhverv<\/li>\n<li>Kirker, klostre og religi\u00f8se kultsteder<\/li>\n<li>Landbrug, skovbrug, jagt og fiskeri<\/li>\n<li>Offentlige institutioner og anl\u00e6g<\/li>\n<li>Skibsfart, havne mv.<\/li>\n<li>Transport, veje og kommunikation<\/li>\n<li>Vand, vind og energi<\/li>\n<\/ul>\n","protected":false},"excerpt":{"rendered":"<p>I denne bog kan du l\u00e6se om udviklingen indenfor forskellige temaer. Gennem en kort tekst og en masse illustrationer fort\u00e6lles udviklingen inden- for f\u00f8lgende temaer fra oldtid til i dag:<\/p>\n<ul>\n<li>Beboelse<\/li>\n<li>Billedsten, runesten og andre mindesm\u00e6rker<\/li>\n<li>Forsvar, slotte og herreg\u00e5rde<\/li>\n<li>Gravminder og -anl\u00e6g<\/li>\n<li>Handel og byerhverv<\/li>\n<li>Kirker, klostre og religi\u00f8se kultsteder<\/li>\n<li>Landbrug, skovbrug, jagt og fiskeri<\/li>\n<li>Offentlige institutioner og anl\u00e6g<\/li>\n<li>Skibsfart, havne mv.<\/li>\n<li>Transport, veje og kommunikation<\/li>\n<li>Vand, vind og energi<\/li>\n<\/ul>\n","protected":false},"featured_media":3329,"template":"","meta":[],"product_brand":[],"product_cat":[97],"product_tag":[],"class_list":{"0":"post-2704","1":"product","2":"type-product","3":"status-publish","4":"has-post-thumbnail","6":"product_cat-andet-historie","8":"first","9":"instock","10":"taxable","11":"shipping-taxable","12":"purchasable","13":"product-type-simple"},"_links":{"self":[{"href":"https:\/\/meloni.dk\/index.php\/wp-json\/wp\/v2\/product\/2704","targetHints":{"allow":["GET"]}}],"collection":[{"href":"https:\/\/meloni.dk\/index.php\/wp-json\/wp\/v2\/product"}],"about":[{"href":"https:\/\/meloni.dk\/index.php\/wp-json\/wp\/v2\/types\/product"}],"wp:featuredmedia":[{"embeddable":true,"href":"https:\/\/meloni.dk\/index.php\/wp-json\/wp\/v2\/media\/3329"}],"wp:attachment":[{"href":"https:\/\/meloni.dk\/index.php\/wp-json\/wp\/v2\/media?parent=2704"}],"wp:term":[{"taxonomy":"product_brand","embeddable":true,"href":"https:\/\/meloni.dk\/index.php\/wp-json\/wp\/v2\/product_brand?post=2704"},{"taxonomy":"product_cat","embeddable":true,"href":"https:\/\/meloni.dk\/index.php\/wp-json\/wp\/v2\/product_cat?post=2704"},{"taxonomy":"product_tag","embeddable":true,"href":"https:\/\/meloni.dk\/index.php\/wp-json\/wp\/v2\/product_tag?post=2704"}],"curies":[{"name":"wp","href":"https:\/\/api.w.org\/{rel}","templated":true}]}}