{"id":2703,"date":"2022-09-28T10:47:44","date_gmt":"2022-09-28T10:47:44","guid":{"rendered":"http:\/\/meloni.dk\/index.php\/product\/ulve\/"},"modified":"2025-01-05T11:13:08","modified_gmt":"2025-01-05T11:13:08","slug":"ulve","status":"publish","type":"product","link":"https:\/\/meloni.dk\/index.php\/product\/ulve\/","title":{"rendered":"Ulve"},"content":{"rendered":"<p>I 2017 vendte ulven tilbage til Danmark. Efter at have v\u00e6ret borte i 199 \u00e5r var der atter ulve i Jylland.<br \/>\nI denne bog kan du blive mega klog p\u00e5 ulve. Du kan bl.a. l\u00e6se om, hvad ulve spiser, hvor de lever og om mennesker skal v\u00e6re bange for ulve.<\/p>\n","protected":false},"excerpt":{"rendered":"<p>I 2017 vendte ulven tilbage til Danmark. Efter at have v\u00e6ret borte i 199 \u00e5r var der atter ulve i Jylland.<br \/>\nI denne bog kan du blive mega klog p\u00e5 ulve. Du kan bl.a. l\u00e6se om, hvad ulve spiser, hvor de lever og om mennesker skal v\u00e6re bange for ulve.<\/p>\n","protected":false},"featured_media":2741,"template":"","meta":[],"product_brand":[],"product_cat":[25,75],"product_tag":[],"class_list":{"0":"post-2703","1":"product","2":"type-product","3":"status-publish","4":"has-post-thumbnail","6":"product_cat-faglig-laesning","7":"product_cat-tilbud","9":"first","10":"instock","11":"taxable","12":"shipping-taxable","13":"purchasable","14":"product-type-variable"},"_links":{"self":[{"href":"https:\/\/meloni.dk\/index.php\/wp-json\/wp\/v2\/product\/2703","targetHints":{"allow":["GET"]}}],"collection":[{"href":"https:\/\/meloni.dk\/index.php\/wp-json\/wp\/v2\/product"}],"about":[{"href":"https:\/\/meloni.dk\/index.php\/wp-json\/wp\/v2\/types\/product"}],"wp:featuredmedia":[{"embeddable":true,"href":"https:\/\/meloni.dk\/index.php\/wp-json\/wp\/v2\/media\/2741"}],"wp:attachment":[{"href":"https:\/\/meloni.dk\/index.php\/wp-json\/wp\/v2\/media?parent=2703"}],"wp:term":[{"taxonomy":"product_brand","embeddable":true,"href":"https:\/\/meloni.dk\/index.php\/wp-json\/wp\/v2\/product_brand?post=2703"},{"taxonomy":"product_cat","embeddable":true,"href":"https:\/\/meloni.dk\/index.php\/wp-json\/wp\/v2\/product_cat?post=2703"},{"taxonomy":"product_tag","embeddable":true,"href":"https:\/\/meloni.dk\/index.php\/wp-json\/wp\/v2\/product_tag?post=2703"}],"curies":[{"name":"wp","href":"https:\/\/api.w.org\/{rel}","templated":true}]}}