{"id":2698,"date":"2022-09-28T10:47:43","date_gmt":"2022-09-28T10:47:43","guid":{"rendered":"http:\/\/meloni.dk\/index.php\/product\/israel-palaestina-historien-om-den-joediske-stat\/"},"modified":"2023-12-07T15:23:00","modified_gmt":"2023-12-07T15:23:00","slug":"israel-palaestina-historien-om-den-joediske-stat","status":"publish","type":"product","link":"https:\/\/meloni.dk\/index.php\/product\/israel-palaestina-historien-om-den-joediske-stat\/","title":{"rendered":"Israel &#8211; Pal\u00e6stina \u2013 Historien om den j\u00f8diske stat"},"content":{"rendered":"<p>Konflikten mellem israelere og pal\u00e6stinensere er en af de mest voldelige og kontroversielle i den moderne verden, og den er med til at forme resten af verdens forhold til Mellem\u00f8sten. Religion og historie bruges af begge sider til at retf\u00e6rdigg\u00f8re deres krav p\u00e5 landet Israel. Denne bog giver et overblik over konfliktens historie, temaer og hovedpersoner og forklarer hvorfor denne konflikt er afg\u00f8rende for forst\u00e5elsen af Mellem\u00f8sten i dag.<\/p>\n","protected":false},"excerpt":{"rendered":"<p>Konflikten mellem israelere og pal\u00e6stinensere er en af de mest voldelige og kontroversielle i den moderne verden, og den er med til at forme resten af verdens forhold til Mellem\u00f8sten. Religion og historie bruges af begge sider til at retf\u00e6rdigg\u00f8re deres krav p\u00e5 landet Israel. Denne bog giver et overblik over konfliktens historie, temaer og hovedpersoner og forklarer hvorfor denne konflikt er afg\u00f8rende for forst\u00e5elsen af Mellem\u00f8sten i dag.<\/p>\n","protected":false},"featured_media":2886,"template":"","meta":[],"product_brand":[],"product_cat":[97],"product_tag":[],"class_list":{"0":"post-2698","1":"product","2":"type-product","3":"status-publish","4":"has-post-thumbnail","6":"product_cat-andet-historie","8":"first","9":"instock","10":"taxable","11":"shipping-taxable","12":"purchasable","13":"product-type-variable"},"_links":{"self":[{"href":"https:\/\/meloni.dk\/index.php\/wp-json\/wp\/v2\/product\/2698","targetHints":{"allow":["GET"]}}],"collection":[{"href":"https:\/\/meloni.dk\/index.php\/wp-json\/wp\/v2\/product"}],"about":[{"href":"https:\/\/meloni.dk\/index.php\/wp-json\/wp\/v2\/types\/product"}],"wp:featuredmedia":[{"embeddable":true,"href":"https:\/\/meloni.dk\/index.php\/wp-json\/wp\/v2\/media\/2886"}],"wp:attachment":[{"href":"https:\/\/meloni.dk\/index.php\/wp-json\/wp\/v2\/media?parent=2698"}],"wp:term":[{"taxonomy":"product_brand","embeddable":true,"href":"https:\/\/meloni.dk\/index.php\/wp-json\/wp\/v2\/product_brand?post=2698"},{"taxonomy":"product_cat","embeddable":true,"href":"https:\/\/meloni.dk\/index.php\/wp-json\/wp\/v2\/product_cat?post=2698"},{"taxonomy":"product_tag","embeddable":true,"href":"https:\/\/meloni.dk\/index.php\/wp-json\/wp\/v2\/product_tag?post=2698"}],"curies":[{"name":"wp","href":"https:\/\/api.w.org\/{rel}","templated":true}]}}