{"id":2692,"date":"2022-09-28T10:47:42","date_gmt":"2022-09-28T10:47:42","guid":{"rendered":"http:\/\/meloni.dk\/index.php\/product\/islam\/"},"modified":"2022-09-29T09:40:18","modified_gmt":"2022-09-29T09:40:18","slug":"islam","status":"publish","type":"product","link":"https:\/\/meloni.dk\/index.php\/product\/islam\/","title":{"rendered":"Islam"},"content":{"rendered":"<p>Islam er en af verdens st\u00f8rste religioner. Dens tilh\u00e6ngere kaldes muslimer. Der er muslimer over hele verden. Ogs\u00e5 i Danmark, hvor der bor cirka 280.000 muslimer.<\/p>\n<p>I denne bog kan du blive mega klog p\u00e5 islam. Du kan bl.a. l\u00e6se om, hvem Muhammed var, hvad man skal g\u00f8re, n\u00e5r man er muslim og om hvordan islam opstod.<\/p>\n","protected":false},"excerpt":{"rendered":"<p>Islam er en af verdens st\u00f8rste religioner. Dens tilh\u00e6ngere kaldes muslimer. Der er muslimer over hele verden. Ogs\u00e5 i Danmark, hvor der bor cirka 280.000 muslimer.<\/p>\n<p>I denne bog kan du blive mega klog p\u00e5 islam. Du kan bl.a. l\u00e6se om, hvem Muhammed var, hvad man skal g\u00f8re, n\u00e5r man er muslim og om hvordan islam opstod.<\/p>\n","protected":false},"featured_media":2743,"template":"","meta":[],"product_brand":[],"product_cat":[25],"product_tag":[],"class_list":{"0":"post-2692","1":"product","2":"type-product","3":"status-publish","4":"has-post-thumbnail","6":"product_cat-faglig-laesning","8":"first","9":"instock","10":"taxable","11":"shipping-taxable","12":"purchasable","13":"product-type-simple"},"_links":{"self":[{"href":"https:\/\/meloni.dk\/index.php\/wp-json\/wp\/v2\/product\/2692","targetHints":{"allow":["GET"]}}],"collection":[{"href":"https:\/\/meloni.dk\/index.php\/wp-json\/wp\/v2\/product"}],"about":[{"href":"https:\/\/meloni.dk\/index.php\/wp-json\/wp\/v2\/types\/product"}],"wp:featuredmedia":[{"embeddable":true,"href":"https:\/\/meloni.dk\/index.php\/wp-json\/wp\/v2\/media\/2743"}],"wp:attachment":[{"href":"https:\/\/meloni.dk\/index.php\/wp-json\/wp\/v2\/media?parent=2692"}],"wp:term":[{"taxonomy":"product_brand","embeddable":true,"href":"https:\/\/meloni.dk\/index.php\/wp-json\/wp\/v2\/product_brand?post=2692"},{"taxonomy":"product_cat","embeddable":true,"href":"https:\/\/meloni.dk\/index.php\/wp-json\/wp\/v2\/product_cat?post=2692"},{"taxonomy":"product_tag","embeddable":true,"href":"https:\/\/meloni.dk\/index.php\/wp-json\/wp\/v2\/product_tag?post=2692"}],"curies":[{"name":"wp","href":"https:\/\/api.w.org\/{rel}","templated":true}]}}