{"id":2690,"date":"2022-09-28T10:47:42","date_gmt":"2022-09-28T10:47:42","guid":{"rendered":"http:\/\/meloni.dk\/index.php\/product\/de-olympiske-lege\/"},"modified":"2024-11-25T12:57:09","modified_gmt":"2024-11-25T12:57:09","slug":"de-olympiske-lege","status":"publish","type":"product","link":"https:\/\/meloni.dk\/index.php\/product\/de-olympiske-lege\/","title":{"rendered":"De olympiske Lege"},"content":{"rendered":"<p>&#8220;Hurtigere, h\u00f8jere, st\u00e6rkere&#8221; s\u00e5dan lyder mottoet for De Moderne Olympiske Lege. Men De Olympiske Leges historie g\u00e5r helt tilbage til den antikke verden, hvor gr\u00e6ske sportsfolk fra hele middelhavsomr\u00e5det konkurrerede i Olympia<br \/>\ni Gr\u00e6kenland. Legene var n\u00e6sten g\u00e5et i glemmebogen, da de i slutningen af 1800-tallet blev genoplivet. I dag er De Olympiske Lege verdens st\u00f8rste idr\u00e6ts- begivenhed, som stort set alle lande i verden deltager i.<br \/>\nI denne bog fort\u00e6lles b\u00e5de historien om legenes oprindelse i det antikke Gr\u00e6kenland og nogle af historierne fra de moderne lege, som fx Abebe Bikilas fantastiske maratontriumf p\u00e5 bare f\u00f8dder, \u00d8rnen Eddies livsfarlige skihop og ikke mindst Ben Johnson, der tog det olympiske motto lidt for bogstaveligt og dopede sig for at blive hurtigere end sine konkurrenter.<\/p>\n","protected":false},"excerpt":{"rendered":"<p>&#8220;Hurtigere, h\u00f8jere, st\u00e6rkere&#8221; s\u00e5dan lyder mottoet for De Moderne Olympiske Lege. Men De Olympiske Leges historie g\u00e5r helt tilbage til den antikke verden, hvor gr\u00e6ske sportsfolk fra hele middelhavsomr\u00e5det konkurrerede i Olympia<br \/>\ni Gr\u00e6kenland. Legene var n\u00e6sten g\u00e5et i glemmebogen, da de i slutningen af 1800-tallet blev genoplivet. I dag er De Olympiske Lege verdens st\u00f8rste idr\u00e6ts- begivenhed, som stort set alle lande i verden deltager i.<br \/>\nI denne bog fort\u00e6lles b\u00e5de historien om legenes oprindelse i det antikke Gr\u00e6kenland og nogle af historierne fra de moderne lege, som fx Abebe Bikilas fantastiske maratontriumf p\u00e5 bare f\u00f8dder, \u00d8rnen Eddies livsfarlige skihop og ikke mindst Ben Johnson, der tog det olympiske motto lidt for bogstaveligt og dopede sig for at blive hurtigere end sine konkurrenter.<\/p>\n","protected":false},"featured_media":3864,"template":"","meta":[],"product_brand":[],"product_cat":[25],"product_tag":[],"class_list":{"0":"post-2690","1":"product","2":"type-product","3":"status-publish","4":"has-post-thumbnail","6":"product_cat-faglig-laesning","8":"first","9":"instock","10":"taxable","11":"shipping-taxable","12":"purchasable","13":"product-type-simple"},"_links":{"self":[{"href":"https:\/\/meloni.dk\/index.php\/wp-json\/wp\/v2\/product\/2690","targetHints":{"allow":["GET"]}}],"collection":[{"href":"https:\/\/meloni.dk\/index.php\/wp-json\/wp\/v2\/product"}],"about":[{"href":"https:\/\/meloni.dk\/index.php\/wp-json\/wp\/v2\/types\/product"}],"wp:featuredmedia":[{"embeddable":true,"href":"https:\/\/meloni.dk\/index.php\/wp-json\/wp\/v2\/media\/3864"}],"wp:attachment":[{"href":"https:\/\/meloni.dk\/index.php\/wp-json\/wp\/v2\/media?parent=2690"}],"wp:term":[{"taxonomy":"product_brand","embeddable":true,"href":"https:\/\/meloni.dk\/index.php\/wp-json\/wp\/v2\/product_brand?post=2690"},{"taxonomy":"product_cat","embeddable":true,"href":"https:\/\/meloni.dk\/index.php\/wp-json\/wp\/v2\/product_cat?post=2690"},{"taxonomy":"product_tag","embeddable":true,"href":"https:\/\/meloni.dk\/index.php\/wp-json\/wp\/v2\/product_tag?post=2690"}],"curies":[{"name":"wp","href":"https:\/\/api.w.org\/{rel}","templated":true}]}}