{"id":2688,"date":"2022-09-28T10:47:41","date_gmt":"2022-09-28T10:47:41","guid":{"rendered":"http:\/\/meloni.dk\/index.php\/product\/visualitet\/"},"modified":"2024-11-20T13:18:18","modified_gmt":"2024-11-20T13:18:18","slug":"visualitet","status":"publish","type":"product","link":"https:\/\/meloni.dk\/index.php\/product\/visualitet\/","title":{"rendered":"Visualitet"},"content":{"rendered":"<p>Visualitet i undervisningen er en antologi, hvis m\u00e5l er at bidrage til at sikre udskolingselevers og studerendes udvikling af visuelle kompetencer i en stadig mere visuel orienteret verden p\u00e5 tv\u00e6rs af fag og uddannelser.<br \/>\nIgennem arbejdet med forskellige visuelle medier og udtryk peger bogen imod en bredere anvendelse end blot til billed- kunstfagets undervisning og giver en grundl\u00e6ggende viden om og indblik i, hvordan der kan arbejdes bevidst med visualitet i forskellige undervisnings- og l\u00e6ringskontekster p\u00e5 forskellige niveauer i uddannelsessystemet.<br \/>\nDe 14 forfattere til antologien har en solid faglig fundering i og omkring visuelle fag, fx billedkunst, h\u00e5ndv\u00e6rk og design, it, kommunikation og drama, og underviser p\u00e5 mange forskellige niveauer.<br \/>\nDet er ikke tanken, at antologien skal levere f\u00e6rdige opskrifter p\u00e5, hvordan en visuel orienteret undervisning skal foreg\u00e5. Bogen er derimod t\u00e6nkt som inspiration til, hvor og hvordan visualitet kan komme vidensbaseret og kvalificeret i spil i praksis i det danske uddannelsessystem.<br \/>\nBogens prim\u00e6re m\u00e5lgruppe er undervisere i grundskolens ud- skoling og p\u00e5 efterskoler, samt studerende p\u00e5 l\u00e6reruddannelsen. Men antologiens mangefacetterede perspektiver p\u00e5 arbejdet med visualitet kan ogs\u00e5 bruges af undervisere p\u00e5 gymnasier<br \/>\nog h\u00f8jskoler samt p\u00e5 alle andre uddannelser, hvor man ser det visuelle som en kilde til at forst\u00e5 og kommunikere.<\/p>\n","protected":false},"excerpt":{"rendered":"<p>Visualitet i undervisningen er en antologi, hvis m\u00e5l er at bidrage til at sikre udskolingselevers og studerendes udvikling af visuelle kompetencer i en stadig mere visuel orienteret verden p\u00e5 tv\u00e6rs af fag og uddannelser.<br \/>\nIgennem arbejdet med forskellige visuelle medier og udtryk peger bogen imod en bredere anvendelse end blot til billed- kunstfagets undervisning og giver en grundl\u00e6ggende viden om og indblik i, hvordan der kan arbejdes bevidst med visualitet i forskellige undervisnings- og l\u00e6ringskontekster p\u00e5 forskellige niveauer i uddannelsessystemet.<br \/>\nDe 14 forfattere til antologien har en solid faglig fundering i og omkring visuelle fag, fx billedkunst, h\u00e5ndv\u00e6rk og design, it, kommunikation og drama, og underviser p\u00e5 mange forskellige niveauer.<br \/>\nDet er ikke tanken, at antologien skal levere f\u00e6rdige opskrifter p\u00e5, hvordan en visuel orienteret undervisning skal foreg\u00e5. Bogen er derimod t\u00e6nkt som inspiration til, hvor og hvordan visualitet kan komme vidensbaseret og kvalificeret i spil i praksis i det danske uddannelsessystem.<br \/>\nBogens prim\u00e6re m\u00e5lgruppe er undervisere i grundskolens ud- skoling og p\u00e5 efterskoler, samt studerende p\u00e5 l\u00e6reruddannelsen. Men antologiens mangefacetterede perspektiver p\u00e5 arbejdet med visualitet kan ogs\u00e5 bruges af undervisere p\u00e5 gymnasier<br \/>\nog h\u00f8jskoler samt p\u00e5 alle andre uddannelser, hvor man ser det visuelle som en kilde til at forst\u00e5 og kommunikere.<\/p>\n","protected":false},"featured_media":3865,"template":"","meta":[],"product_brand":[],"product_cat":[21],"product_tag":[],"class_list":{"0":"post-2688","1":"product","2":"type-product","3":"status-publish","4":"has-post-thumbnail","6":"product_cat-billedkunst","8":"first","9":"instock","10":"taxable","11":"shipping-taxable","12":"purchasable","13":"product-type-simple"},"_links":{"self":[{"href":"https:\/\/meloni.dk\/index.php\/wp-json\/wp\/v2\/product\/2688","targetHints":{"allow":["GET"]}}],"collection":[{"href":"https:\/\/meloni.dk\/index.php\/wp-json\/wp\/v2\/product"}],"about":[{"href":"https:\/\/meloni.dk\/index.php\/wp-json\/wp\/v2\/types\/product"}],"wp:featuredmedia":[{"embeddable":true,"href":"https:\/\/meloni.dk\/index.php\/wp-json\/wp\/v2\/media\/3865"}],"wp:attachment":[{"href":"https:\/\/meloni.dk\/index.php\/wp-json\/wp\/v2\/media?parent=2688"}],"wp:term":[{"taxonomy":"product_brand","embeddable":true,"href":"https:\/\/meloni.dk\/index.php\/wp-json\/wp\/v2\/product_brand?post=2688"},{"taxonomy":"product_cat","embeddable":true,"href":"https:\/\/meloni.dk\/index.php\/wp-json\/wp\/v2\/product_cat?post=2688"},{"taxonomy":"product_tag","embeddable":true,"href":"https:\/\/meloni.dk\/index.php\/wp-json\/wp\/v2\/product_tag?post=2688"}],"curies":[{"name":"wp","href":"https:\/\/api.w.org\/{rel}","templated":true}]}}