{"id":2685,"date":"2022-09-28T10:47:41","date_gmt":"2022-09-28T10:47:41","guid":{"rendered":"http:\/\/meloni.dk\/index.php\/product\/foto-leg-motiv-komposition\/"},"modified":"2023-12-20T13:08:35","modified_gmt":"2023-12-20T13:08:35","slug":"foto-leg-motiv-komposition","status":"publish","type":"product","link":"https:\/\/meloni.dk\/index.php\/product\/foto-leg-motiv-komposition\/","title":{"rendered":"Foto &#8211; Leg, motiv, komposition"},"content":{"rendered":"<p>Et godt foto skal ikke forklares. Det taler for sig selv. Det er et visuelt sprog, som kan v\u00e6re meget magtfuldt. Fotos br\u00e6nder sig ind i hukom- melsen helt anderledes effektfuldt end tekst.<br \/>\nDenne bog indeholder en masse id\u00e9er, der kan hj\u00e6lpe dig med at sk\u00e6rpe blikket for det gode motiv og lege med kameraet.<br \/>\nForfatteren Britta Aagaard Thorlann underviser i h\u00e5ndv\u00e6rk &amp; design og billedkunst og afholder kurser for l\u00e6rere. Derudover har hun udgivet en r\u00e6kke undervisningsb\u00f8ger.<\/p>\n","protected":false},"excerpt":{"rendered":"<p>Et godt foto skal ikke forklares. Det taler for sig selv. Det er et visuelt sprog, som kan v\u00e6re meget magtfuldt. Fotos br\u00e6nder sig ind i hukom- melsen helt anderledes effektfuldt end tekst.<br \/>\nDenne bog indeholder en masse id\u00e9er, der kan hj\u00e6lpe dig med at sk\u00e6rpe blikket for det gode motiv og lege med kameraet.<br \/>\nForfatteren Britta Aagaard Thorlann underviser i h\u00e5ndv\u00e6rk &amp; design og billedkunst og afholder kurser for l\u00e6rere. Derudover har hun udgivet en r\u00e6kke undervisningsb\u00f8ger.<\/p>\n","protected":false},"featured_media":3383,"template":"","meta":[],"product_brand":[],"product_cat":[21,22],"product_tag":[],"class_list":{"0":"post-2685","1":"product","2":"type-product","3":"status-publish","4":"has-post-thumbnail","6":"product_cat-billedkunst","7":"product_cat-haandvaerk-og-design","9":"first","10":"instock","11":"taxable","12":"shipping-taxable","13":"purchasable","14":"product-type-simple"},"_links":{"self":[{"href":"https:\/\/meloni.dk\/index.php\/wp-json\/wp\/v2\/product\/2685","targetHints":{"allow":["GET"]}}],"collection":[{"href":"https:\/\/meloni.dk\/index.php\/wp-json\/wp\/v2\/product"}],"about":[{"href":"https:\/\/meloni.dk\/index.php\/wp-json\/wp\/v2\/types\/product"}],"wp:featuredmedia":[{"embeddable":true,"href":"https:\/\/meloni.dk\/index.php\/wp-json\/wp\/v2\/media\/3383"}],"wp:attachment":[{"href":"https:\/\/meloni.dk\/index.php\/wp-json\/wp\/v2\/media?parent=2685"}],"wp:term":[{"taxonomy":"product_brand","embeddable":true,"href":"https:\/\/meloni.dk\/index.php\/wp-json\/wp\/v2\/product_brand?post=2685"},{"taxonomy":"product_cat","embeddable":true,"href":"https:\/\/meloni.dk\/index.php\/wp-json\/wp\/v2\/product_cat?post=2685"},{"taxonomy":"product_tag","embeddable":true,"href":"https:\/\/meloni.dk\/index.php\/wp-json\/wp\/v2\/product_tag?post=2685"}],"curies":[{"name":"wp","href":"https:\/\/api.w.org\/{rel}","templated":true}]}}