{"id":2684,"date":"2022-09-28T10:47:41","date_gmt":"2022-09-28T10:47:41","guid":{"rendered":"http:\/\/meloni.dk\/index.php\/product\/haandvaerk-design-i-faellesskab\/"},"modified":"2022-12-09T08:34:43","modified_gmt":"2022-12-09T08:34:43","slug":"haandvaerk-design-i-faellesskab","status":"publish","type":"product","link":"https:\/\/meloni.dk\/index.php\/product\/haandvaerk-design-i-faellesskab\/","title":{"rendered":"H\u00e5ndv\u00e6rk &#038; design i f\u00e6llesskab"},"content":{"rendered":"<p>I bogen, \u00bbH\u00e5ndv\u00e6rk &amp; design i f\u00e6llesskab\u00ab,\u00a0finder du konkrete eksempler, der kan inspirere til forskellige former for praksisforl\u00f8b i undervisningen, fx v\u00e6rkt\u00f8jskendskab, materialeudforskning, introduktion til h\u00e5ndv\u00e6rk, kurser i teknikker, pr\u00f8vestationer, designforl\u00f8b, genstandsanalyse og opl\u00e6g til f\u00e6lles arbejder. Desuden peges p\u00e5 en r\u00e6kke muligheder for samarbejde med relevante institutioner i forbindelse med faget og \u00c5ben skole.<br \/>\nH\u00e5ndv\u00e6rk og design som skolefag m\u00e5 foreg\u00e5\u00a0i et f\u00e6llesskab. Et f\u00e6llesskab, der skal forst\u00e5s bredt, b\u00e5de som en f\u00e6lles l\u00e6ringssituation og som et samarbejde om f\u00e6lles opgaver og projekter.<\/p>\n","protected":false},"excerpt":{"rendered":"<p>I bogen, \u00bbH\u00e5ndv\u00e6rk &amp; design i f\u00e6llesskab\u00ab,\u00a0finder du konkrete eksempler, der kan inspirere til forskellige former for praksisforl\u00f8b i undervisningen, fx v\u00e6rkt\u00f8jskendskab, materialeudforskning, introduktion til h\u00e5ndv\u00e6rk, kurser i teknikker, pr\u00f8vestationer, designforl\u00f8b, genstandsanalyse og opl\u00e6g til f\u00e6lles arbejder. Desuden peges p\u00e5 en r\u00e6kke muligheder for samarbejde med relevante institutioner i forbindelse med faget og \u00c5ben skole.<br \/>\nH\u00e5ndv\u00e6rk og design som skolefag m\u00e5 foreg\u00e5\u00a0i et f\u00e6llesskab. Et f\u00e6llesskab, der skal forst\u00e5s bredt, b\u00e5de som en f\u00e6lles l\u00e6ringssituation og som et samarbejde om f\u00e6lles opgaver og projekter.<\/p>\n","protected":false},"featured_media":2888,"template":"","meta":[],"product_brand":[],"product_cat":[22],"product_tag":[],"class_list":{"0":"post-2684","1":"product","2":"type-product","3":"status-publish","4":"has-post-thumbnail","6":"product_cat-haandvaerk-og-design","8":"first","9":"instock","10":"taxable","11":"shipping-taxable","12":"purchasable","13":"product-type-simple"},"_links":{"self":[{"href":"https:\/\/meloni.dk\/index.php\/wp-json\/wp\/v2\/product\/2684","targetHints":{"allow":["GET"]}}],"collection":[{"href":"https:\/\/meloni.dk\/index.php\/wp-json\/wp\/v2\/product"}],"about":[{"href":"https:\/\/meloni.dk\/index.php\/wp-json\/wp\/v2\/types\/product"}],"wp:featuredmedia":[{"embeddable":true,"href":"https:\/\/meloni.dk\/index.php\/wp-json\/wp\/v2\/media\/2888"}],"wp:attachment":[{"href":"https:\/\/meloni.dk\/index.php\/wp-json\/wp\/v2\/media?parent=2684"}],"wp:term":[{"taxonomy":"product_brand","embeddable":true,"href":"https:\/\/meloni.dk\/index.php\/wp-json\/wp\/v2\/product_brand?post=2684"},{"taxonomy":"product_cat","embeddable":true,"href":"https:\/\/meloni.dk\/index.php\/wp-json\/wp\/v2\/product_cat?post=2684"},{"taxonomy":"product_tag","embeddable":true,"href":"https:\/\/meloni.dk\/index.php\/wp-json\/wp\/v2\/product_tag?post=2684"}],"curies":[{"name":"wp","href":"https:\/\/api.w.org\/{rel}","templated":true}]}}