{"id":2682,"date":"2022-09-28T10:47:40","date_gmt":"2022-09-28T10:47:40","guid":{"rendered":"http:\/\/meloni.dk\/index.php\/product\/graesk-arkitektur\/"},"modified":"2022-12-13T12:10:34","modified_gmt":"2022-12-13T12:10:34","slug":"graesk-arkitektur","status":"publish","type":"product","link":"https:\/\/meloni.dk\/index.php\/product\/graesk-arkitektur\/","title":{"rendered":"Gr\u00e6sk arkitektur"},"content":{"rendered":"<p>Selvom det er mange \u00e5r siden, at de gamle gr\u00e6kere og romere satte deres aftryk her i verden, fascinerer de os stadig &#8211; ikke mindst pga. deres n\u00e6rv\u00e6r i arkitekturen. De er med os, n\u00e5r vi kigger p\u00e5 de fantastiske bygninger p\u00e5 Akropolis i Athen eller drikker kaffe ved siden af Colosseum i Rom, men ogs\u00e5 i den inspiration, som de i tidens l\u00f8b har givet arkitekter og fortsat giver. G\u00e5 blot en tur igennem K\u00f8benhavns gader, og du vil st\u00f8de p\u00e5 arkitekturelementer inspireret af antikken. Eller rejs en tur ud i Europa eller helt til USA, og inspirationen bliver tydelig.<br \/>\nMen hvad er historien bag den antikke gr\u00e6ske arkitektur? Hvorn\u00e5r og hvorfor begyndte gr\u00e6kerne at bygge deres enorme templer?<\/p>\n<p>Denne rigt illustrerede bog tager dig p\u00e5 en rejse tilbage til Gr\u00e6kenland, hvor det hele startede, og videre gennem arkitekturhistorien for at unders\u00f8ge sporene hele vejen frem til i dag.<\/p>\n<p>Arkitektur er en magtfuld st\u00f8rrelse og kan ikke forst\u00e5s uafh\u00e6ngig af det samfund, den opst\u00e5r i. Bogen beskriver derfor ogs\u00e5 det gr\u00e6ske samfund og er krydret med sp\u00e6ndende historiske fort\u00e6llinger og myter.<\/p>\n","protected":false},"excerpt":{"rendered":"<p>Selvom det er mange \u00e5r siden, at de gamle gr\u00e6kere og romere satte deres aftryk her i verden, fascinerer de os stadig &#8211; ikke mindst pga. deres n\u00e6rv\u00e6r i arkitekturen. De er med os, n\u00e5r vi kigger p\u00e5 de fantastiske bygninger p\u00e5 Akropolis i Athen eller drikker kaffe ved siden af Colosseum i Rom, men ogs\u00e5 i den inspiration, som de i tidens l\u00f8b har givet arkitekter og fortsat giver. G\u00e5 blot en tur igennem K\u00f8benhavns gader, og du vil st\u00f8de p\u00e5 arkitekturelementer inspireret af antikken. Eller rejs en tur ud i Europa eller helt til USA, og inspirationen bliver tydelig.<br \/>\nMen hvad er historien bag den antikke gr\u00e6ske arkitektur? Hvorn\u00e5r og hvorfor begyndte gr\u00e6kerne at bygge deres enorme templer?<\/p>\n<p>Denne rigt illustrerede bog tager dig p\u00e5 en rejse tilbage til Gr\u00e6kenland, hvor det hele startede, og videre gennem arkitekturhistorien for at unders\u00f8ge sporene hele vejen frem til i dag.<\/p>\n<p>Arkitektur er en magtfuld st\u00f8rrelse og kan ikke forst\u00e5s uafh\u00e6ngig af det samfund, den opst\u00e5r i. Bogen beskriver derfor ogs\u00e5 det gr\u00e6ske samfund og er krydret med sp\u00e6ndende historiske fort\u00e6llinger og myter.<\/p>\n","protected":false},"featured_media":2910,"template":"","meta":[],"product_brand":[],"product_cat":[96],"product_tag":[],"class_list":{"0":"post-2682","1":"product","2":"type-product","3":"status-publish","4":"has-post-thumbnail","6":"product_cat-gymnasie","8":"first","9":"instock","10":"taxable","11":"shipping-taxable","12":"purchasable","13":"product-type-simple"},"_links":{"self":[{"href":"https:\/\/meloni.dk\/index.php\/wp-json\/wp\/v2\/product\/2682","targetHints":{"allow":["GET"]}}],"collection":[{"href":"https:\/\/meloni.dk\/index.php\/wp-json\/wp\/v2\/product"}],"about":[{"href":"https:\/\/meloni.dk\/index.php\/wp-json\/wp\/v2\/types\/product"}],"wp:featuredmedia":[{"embeddable":true,"href":"https:\/\/meloni.dk\/index.php\/wp-json\/wp\/v2\/media\/2910"}],"wp:attachment":[{"href":"https:\/\/meloni.dk\/index.php\/wp-json\/wp\/v2\/media?parent=2682"}],"wp:term":[{"taxonomy":"product_brand","embeddable":true,"href":"https:\/\/meloni.dk\/index.php\/wp-json\/wp\/v2\/product_brand?post=2682"},{"taxonomy":"product_cat","embeddable":true,"href":"https:\/\/meloni.dk\/index.php\/wp-json\/wp\/v2\/product_cat?post=2682"},{"taxonomy":"product_tag","embeddable":true,"href":"https:\/\/meloni.dk\/index.php\/wp-json\/wp\/v2\/product_tag?post=2682"}],"curies":[{"name":"wp","href":"https:\/\/api.w.org\/{rel}","templated":true}]}}