{"id":2680,"date":"2022-09-28T10:47:40","date_gmt":"2022-09-28T10:47:40","guid":{"rendered":"http:\/\/meloni.dk\/index.php\/product\/bogmaerker-dyr-i-afrika-30-stk\/"},"modified":"2022-09-28T14:34:59","modified_gmt":"2022-09-28T14:34:59","slug":"bogmaerker-dyr-i-afrika-30-stk","status":"publish","type":"product","link":"https:\/\/meloni.dk\/index.php\/product\/bogmaerker-dyr-i-afrika-30-stk\/","title":{"rendered":"Bogm\u00e6rker &#8211; Dyr i Afrika &#8211; 30 stk."},"content":{"rendered":"<p><strong>Dansk for alle \u2013 Dyr i Afrika <\/strong>henvender sig til elever i begynderundervisningen, og til elever som er p\u00e5 vej til at l\u00e6re dansk. Det er et danskfagligt materiale, hvor meningsfulde tekster danner grundlaget for elevgruppens aktiviteter. L\u00e6sebogen om Afrikas dyr bygger p\u00e5 faktuelle oplysninger om dyrene i Afrika, og den grundige billedunderst\u00f8ttelse hj\u00e6lper begynderl\u00e6seren med at forudsige tekstens indhold. I materialet v\u00e6gtes ordforr\u00e5dstilegnelsen, som har stor betydning for elevernes senere l\u00e6sef\u00e6rdigheder.<\/p>\n<p><strong>Dansk for alle<\/strong> er differentieret i 3 niveauer. Det er et inkluderende materiale, hvis afs\u00e6t er, at alle elever, uanset foruds\u00e6tninger, kan tage del i klassens aktiviteter og p\u00e5 den m\u00e5de v\u00e6re deltagere i et inkluderende f\u00e6llesskab. Grundtanken i materialet er, at elevernes personlige, sociale og faglige udvikling udvikles i sammenh\u00e6ng.<\/p>\n<p><strong>Dansk for alle<\/strong> indeholder \u2013 foruden de danskfaglige aktiviteter \u2013 lege, samarbejds\u00f8velser og kropslige aktiviteter, der g\u00f8r det muligt for flere faggrupper at samarbejde om et forl\u00f8b med udgangspunkt i materialet.<\/p>\n<p><strong>Dansk for alle \u2013 Dyr i Afrika<\/strong> best\u00e5r af elevernes l\u00e6sebog, bogm\u00e6rker med QR koder, der indeholder l\u00e6sebogens indtalte tekster p\u00e5 forskellige sprog, underviserens eksemplar, aktivitetsskemaer, opgaver til fri kopiering samt bilag og ekstra opgaveark til download p\u00e5 www.meloni.dk<\/p>\n","protected":false},"excerpt":{"rendered":"<p><strong>Dansk for alle \u2013 Dyr i Afrika <\/strong>henvender sig til elever i begynderundervisningen, og til elever som er p\u00e5 vej til at l\u00e6re dansk. Det er et danskfagligt materiale, hvor meningsfulde tekster danner grundlaget for elevgruppens aktiviteter. L\u00e6sebogen om Afrikas dyr bygger p\u00e5 faktuelle oplysninger om dyrene i Afrika, og den grundige billedunderst\u00f8ttelse hj\u00e6lper begynderl\u00e6seren med at forudsige tekstens indhold. I materialet v\u00e6gtes ordforr\u00e5dstilegnelsen, som har stor betydning for elevernes senere l\u00e6sef\u00e6rdigheder.<\/p>\n<p><strong>Dansk for alle<\/strong> er differentieret i 3 niveauer. Det er et inkluderende materiale, hvis afs\u00e6t er, at alle elever, uanset foruds\u00e6tninger, kan tage del i klassens aktiviteter og p\u00e5 den m\u00e5de v\u00e6re deltagere i et inkluderende f\u00e6llesskab. Grundtanken i materialet er, at elevernes personlige, sociale og faglige udvikling udvikles i sammenh\u00e6ng.<\/p>\n<p><strong>Dansk for alle<\/strong> indeholder \u2013 foruden de danskfaglige aktiviteter \u2013 lege, samarbejds\u00f8velser og kropslige aktiviteter, der g\u00f8r det muligt for flere faggrupper at samarbejde om et forl\u00f8b med udgangspunkt i materialet.<\/p>\n<p><strong>Dansk for alle \u2013 Dyr i Afrika<\/strong> best\u00e5r af elevernes l\u00e6sebog, bogm\u00e6rker med QR koder, der indeholder l\u00e6sebogens indtalte tekster p\u00e5 forskellige sprog, underviserens eksemplar, aktivitetsskemaer, opgaver til fri kopiering samt bilag og ekstra opgaveark til download p\u00e5 www.meloni.dk<\/p>\n","protected":false},"featured_media":0,"template":"","meta":[],"product_brand":[],"product_cat":[73],"product_tag":[],"class_list":{"0":"post-2680","1":"product","2":"type-product","3":"status-publish","5":"product_cat-dansk","7":"first","8":"instock","9":"taxable","10":"shipping-taxable","11":"purchasable","12":"product-type-simple"},"_links":{"self":[{"href":"https:\/\/meloni.dk\/index.php\/wp-json\/wp\/v2\/product\/2680","targetHints":{"allow":["GET"]}}],"collection":[{"href":"https:\/\/meloni.dk\/index.php\/wp-json\/wp\/v2\/product"}],"about":[{"href":"https:\/\/meloni.dk\/index.php\/wp-json\/wp\/v2\/types\/product"}],"wp:attachment":[{"href":"https:\/\/meloni.dk\/index.php\/wp-json\/wp\/v2\/media?parent=2680"}],"wp:term":[{"taxonomy":"product_brand","embeddable":true,"href":"https:\/\/meloni.dk\/index.php\/wp-json\/wp\/v2\/product_brand?post=2680"},{"taxonomy":"product_cat","embeddable":true,"href":"https:\/\/meloni.dk\/index.php\/wp-json\/wp\/v2\/product_cat?post=2680"},{"taxonomy":"product_tag","embeddable":true,"href":"https:\/\/meloni.dk\/index.php\/wp-json\/wp\/v2\/product_tag?post=2680"}],"curies":[{"name":"wp","href":"https:\/\/api.w.org\/{rel}","templated":true}]}}