{"id":2676,"date":"2022-09-28T10:47:38","date_gmt":"2022-09-28T10:47:38","guid":{"rendered":"http:\/\/meloni.dk\/index.php\/product\/dansk-vestindien-en-fortaelling-om-en-svunden-tid\/"},"modified":"2023-10-30T10:40:29","modified_gmt":"2023-10-30T10:40:29","slug":"dansk-vestindien-en-fortaelling-om-en-svunden-tid","status":"publish","type":"product","link":"https:\/\/meloni.dk\/index.php\/product\/dansk-vestindien-en-fortaelling-om-en-svunden-tid\/","title":{"rendered":"Dansk Vestindien &#8211; en fort\u00e6lling om en svunden tid"},"content":{"rendered":"<p>Den 31. marts 1917 overgik Dansk Vestindien til USA. Overdragelsen markerede slutningen p\u00e5 de danske kolonier i troperne. \u00d8erne var blevet anskaffet for bl.a. at dyrke sukker. Men sukkerroen og afskaffelsen af slaveriet gjorde produktionen dyr og urentabel. I stedet stod Danmark nu med nogle sm\u00e5\u00f8er, som man egentlig helst var foruden.<br \/>\nI denne bog fort\u00e6lles historien om Dansk Vestindien fra anskaffelsen til overdragelsen. Gennem en r\u00e6kke datidige postkort gives et indblik i, hvordan \u00f8erne s\u00e5 ud omkring overdragelsen og fort\u00e6ller om en svunden tid p\u00e5 nogle trope\u00f8er fjernt fra Danmark.<\/p>\n","protected":false},"excerpt":{"rendered":"<p>Den 31. marts 1917 overgik Dansk Vestindien til USA. Overdragelsen markerede slutningen p\u00e5 de danske kolonier i troperne. \u00d8erne var blevet anskaffet for bl.a. at dyrke sukker. Men sukkerroen og afskaffelsen af slaveriet gjorde produktionen dyr og urentabel. I stedet stod Danmark nu med nogle sm\u00e5\u00f8er, som man egentlig helst var foruden.<br \/>\nI denne bog fort\u00e6lles historien om Dansk Vestindien fra anskaffelsen til overdragelsen. Gennem en r\u00e6kke datidige postkort gives et indblik i, hvordan \u00f8erne s\u00e5 ud omkring overdragelsen og fort\u00e6ller om en svunden tid p\u00e5 nogle trope\u00f8er fjernt fra Danmark.<\/p>\n","protected":false},"featured_media":3331,"template":"","meta":[],"product_brand":[],"product_cat":[97],"product_tag":[],"class_list":{"0":"post-2676","1":"product","2":"type-product","3":"status-publish","4":"has-post-thumbnail","6":"product_cat-andet-historie","8":"first","9":"instock","10":"taxable","11":"shipping-taxable","12":"purchasable","13":"product-type-simple"},"_links":{"self":[{"href":"https:\/\/meloni.dk\/index.php\/wp-json\/wp\/v2\/product\/2676","targetHints":{"allow":["GET"]}}],"collection":[{"href":"https:\/\/meloni.dk\/index.php\/wp-json\/wp\/v2\/product"}],"about":[{"href":"https:\/\/meloni.dk\/index.php\/wp-json\/wp\/v2\/types\/product"}],"wp:featuredmedia":[{"embeddable":true,"href":"https:\/\/meloni.dk\/index.php\/wp-json\/wp\/v2\/media\/3331"}],"wp:attachment":[{"href":"https:\/\/meloni.dk\/index.php\/wp-json\/wp\/v2\/media?parent=2676"}],"wp:term":[{"taxonomy":"product_brand","embeddable":true,"href":"https:\/\/meloni.dk\/index.php\/wp-json\/wp\/v2\/product_brand?post=2676"},{"taxonomy":"product_cat","embeddable":true,"href":"https:\/\/meloni.dk\/index.php\/wp-json\/wp\/v2\/product_cat?post=2676"},{"taxonomy":"product_tag","embeddable":true,"href":"https:\/\/meloni.dk\/index.php\/wp-json\/wp\/v2\/product_tag?post=2676"}],"curies":[{"name":"wp","href":"https:\/\/api.w.org\/{rel}","templated":true}]}}