{"id":2671,"date":"2022-09-28T10:47:37","date_gmt":"2022-09-28T10:47:37","guid":{"rendered":"http:\/\/meloni.dk\/index.php\/product\/laererens-grundbog-til-mellemtrinnet\/"},"modified":"2024-11-20T13:22:56","modified_gmt":"2024-11-20T13:22:56","slug":"laererens-grundbog-til-mellemtrinnet","status":"publish","type":"product","link":"https:\/\/meloni.dk\/index.php\/product\/laererens-grundbog-til-mellemtrinnet\/","title":{"rendered":"L\u00e6rerens grundbog til mellemtrinnet"},"content":{"rendered":"<p>Denne grundbog indeholder seks gennemarbejdede og eksem- plariske undervisningsforl\u00f8b til billedkunst p\u00e5 mellemtrinnet. Nogle af forl\u00f8bene er rettet mod et bestemt klassetrin, men kan med justeringer anvendes p\u00e5 andre klassetrin.<br \/>\nBogen beskriver, hvordan l\u00e6reren kan planl\u00e6gge, tilrettel\u00e6gge, gennemf\u00f8re og evaluere undervisningsforl\u00f8b i billedkunst p\u00e5 mellemtrinnet.<br \/>\nBogen inddrager derudover v\u00e6sentlige faglige og p\u00e6dagogiske fokusomr\u00e5der, som fx fagets historie, billedsamtale og billedanalyse, \u00e6stetiske l\u00e6reprocesser, klasseledelse, v\u00e6rkt\u00f8jer og materialer og relaterer det undervejs<br \/>\ntil konkret billedkunst-undervisning.<br \/>\nBogen henvender sig prim\u00e6rt til l\u00e6rere og l\u00e6rerstuderende, men bogen kan ogs\u00e5 anvendes i fx undervisningen p\u00e5 billedskoler, p\u00e6dagoguddannelsen og i andre videreg\u00e5ende uddannelser, som fokuserer p\u00e5 undervisning og billedkunst.<\/p>\n","protected":false},"excerpt":{"rendered":"<p>Denne grundbog indeholder seks gennemarbejdede og eksem- plariske undervisningsforl\u00f8b til billedkunst p\u00e5 mellemtrinnet. Nogle af forl\u00f8bene er rettet mod et bestemt klassetrin, men kan med justeringer anvendes p\u00e5 andre klassetrin.<br \/>\nBogen beskriver, hvordan l\u00e6reren kan planl\u00e6gge, tilrettel\u00e6gge, gennemf\u00f8re og evaluere undervisningsforl\u00f8b i billedkunst p\u00e5 mellemtrinnet.<br \/>\nBogen inddrager derudover v\u00e6sentlige faglige og p\u00e6dagogiske fokusomr\u00e5der, som fx fagets historie, billedsamtale og billedanalyse, \u00e6stetiske l\u00e6reprocesser, klasseledelse, v\u00e6rkt\u00f8jer og materialer og relaterer det undervejs<br \/>\ntil konkret billedkunst-undervisning.<br \/>\nBogen henvender sig prim\u00e6rt til l\u00e6rere og l\u00e6rerstuderende, men bogen kan ogs\u00e5 anvendes i fx undervisningen p\u00e5 billedskoler, p\u00e6dagoguddannelsen og i andre videreg\u00e5ende uddannelser, som fokuserer p\u00e5 undervisning og billedkunst.<\/p>\n","protected":false},"featured_media":3867,"template":"","meta":[],"product_brand":[],"product_cat":[21],"product_tag":[],"class_list":{"0":"post-2671","1":"product","2":"type-product","3":"status-publish","4":"has-post-thumbnail","6":"product_cat-billedkunst","8":"first","9":"instock","10":"taxable","11":"shipping-taxable","12":"purchasable","13":"product-type-simple"},"_links":{"self":[{"href":"https:\/\/meloni.dk\/index.php\/wp-json\/wp\/v2\/product\/2671","targetHints":{"allow":["GET"]}}],"collection":[{"href":"https:\/\/meloni.dk\/index.php\/wp-json\/wp\/v2\/product"}],"about":[{"href":"https:\/\/meloni.dk\/index.php\/wp-json\/wp\/v2\/types\/product"}],"wp:featuredmedia":[{"embeddable":true,"href":"https:\/\/meloni.dk\/index.php\/wp-json\/wp\/v2\/media\/3867"}],"wp:attachment":[{"href":"https:\/\/meloni.dk\/index.php\/wp-json\/wp\/v2\/media?parent=2671"}],"wp:term":[{"taxonomy":"product_brand","embeddable":true,"href":"https:\/\/meloni.dk\/index.php\/wp-json\/wp\/v2\/product_brand?post=2671"},{"taxonomy":"product_cat","embeddable":true,"href":"https:\/\/meloni.dk\/index.php\/wp-json\/wp\/v2\/product_cat?post=2671"},{"taxonomy":"product_tag","embeddable":true,"href":"https:\/\/meloni.dk\/index.php\/wp-json\/wp\/v2\/product_tag?post=2671"}],"curies":[{"name":"wp","href":"https:\/\/api.w.org\/{rel}","templated":true}]}}