{"id":2670,"date":"2022-09-28T10:47:37","date_gmt":"2022-09-28T10:47:37","guid":{"rendered":"http:\/\/meloni.dk\/index.php\/product\/mere-plus-og-minus-algebra-2\/"},"modified":"2024-11-20T13:25:46","modified_gmt":"2024-11-20T13:25:46","slug":"mere-plus-og-minus-algebra-2","status":"publish","type":"product","link":"https:\/\/meloni.dk\/index.php\/product\/mere-plus-og-minus-algebra-2\/","title":{"rendered":"Mere plus og minus &#8211; algebra 2"},"content":{"rendered":"<p>Naturlige tals opbygning og ordning, herunder titalssystemet. Addition med og uden tierovergang, subtraktion, enkel multiplikation og deling. T\u00e6lleremser og talf\u00f8lger. Desuden begreber som mindre og st\u00f8rre end, og det halve og det dobbelte.<\/p>\n","protected":false},"excerpt":{"rendered":"<p>Naturlige tals opbygning og ordning, herunder titalssystemet. Addition med og uden tierovergang, subtraktion, enkel multiplikation og deling. T\u00e6lleremser og talf\u00f8lger. Desuden begreber som mindre og st\u00f8rre end, og det halve og det dobbelte.<\/p>\n","protected":false},"featured_media":3868,"template":"","meta":[],"product_brand":[],"product_cat":[74],"product_tag":[],"class_list":{"0":"post-2670","1":"product","2":"type-product","3":"status-publish","4":"has-post-thumbnail","6":"product_cat-matematik","8":"first","9":"instock","10":"taxable","11":"shipping-taxable","12":"purchasable","13":"product-type-simple"},"_links":{"self":[{"href":"https:\/\/meloni.dk\/index.php\/wp-json\/wp\/v2\/product\/2670","targetHints":{"allow":["GET"]}}],"collection":[{"href":"https:\/\/meloni.dk\/index.php\/wp-json\/wp\/v2\/product"}],"about":[{"href":"https:\/\/meloni.dk\/index.php\/wp-json\/wp\/v2\/types\/product"}],"wp:featuredmedia":[{"embeddable":true,"href":"https:\/\/meloni.dk\/index.php\/wp-json\/wp\/v2\/media\/3868"}],"wp:attachment":[{"href":"https:\/\/meloni.dk\/index.php\/wp-json\/wp\/v2\/media?parent=2670"}],"wp:term":[{"taxonomy":"product_brand","embeddable":true,"href":"https:\/\/meloni.dk\/index.php\/wp-json\/wp\/v2\/product_brand?post=2670"},{"taxonomy":"product_cat","embeddable":true,"href":"https:\/\/meloni.dk\/index.php\/wp-json\/wp\/v2\/product_cat?post=2670"},{"taxonomy":"product_tag","embeddable":true,"href":"https:\/\/meloni.dk\/index.php\/wp-json\/wp\/v2\/product_tag?post=2670"}],"curies":[{"name":"wp","href":"https:\/\/api.w.org\/{rel}","templated":true}]}}