{"id":2666,"date":"2022-09-28T10:47:36","date_gmt":"2022-09-28T10:47:36","guid":{"rendered":"http:\/\/meloni.dk\/index.php\/product\/frederik-den-6\/"},"modified":"2023-10-30T10:41:43","modified_gmt":"2023-10-30T10:41:43","slug":"frederik-den-6","status":"publish","type":"product","link":"https:\/\/meloni.dk\/index.php\/product\/frederik-den-6\/","title":{"rendered":"Frederik den 6."},"content":{"rendered":"<p>Frederik den 6. regerede i mere end 50 \u00e5r. F\u00f8rst som kronprins p\u00e5 vegne af sin sindssyge far, siden som enev\u00e6ldig konge i Danmark. Danmark gennemgik enorme forandringer gennem Frederiks regeringstid. Stavnsb\u00e5ndet blev oph\u00e6vet, K\u00f8benhavn blev bombarderet, den danske fl\u00e5de blev ranet, og man mistede Norge i forbindelse med Napoleonskrigene. Men det var ogs\u00e5 under Frederik, at kulturen blomstrede under Guldalderen, hvilket har v\u00e6ret med til, at Frederik i dag st\u00e5r som en af vores mest omdiskuterede konger.<br \/>\nI denne bog tegnes et portr\u00e6t af mennesket Frederik, der er n\u00f8dvendigt for at forst\u00e5, hvorfor kongen Frederik handlede, som han gjorde.<\/p>\n","protected":false},"excerpt":{"rendered":"<p>Frederik den 6. regerede i mere end 50 \u00e5r. F\u00f8rst som kronprins p\u00e5 vegne af sin sindssyge far, siden som enev\u00e6ldig konge i Danmark. Danmark gennemgik enorme forandringer gennem Frederiks regeringstid. Stavnsb\u00e5ndet blev oph\u00e6vet, K\u00f8benhavn blev bombarderet, den danske fl\u00e5de blev ranet, og man mistede Norge i forbindelse med Napoleonskrigene. Men det var ogs\u00e5 under Frederik, at kulturen blomstrede under Guldalderen, hvilket har v\u00e6ret med til, at Frederik i dag st\u00e5r som en af vores mest omdiskuterede konger.<br \/>\nI denne bog tegnes et portr\u00e6t af mennesket Frederik, der er n\u00f8dvendigt for at forst\u00e5, hvorfor kongen Frederik handlede, som han gjorde.<\/p>\n","protected":false},"featured_media":3332,"template":"","meta":[],"product_brand":[],"product_cat":[94],"product_tag":[],"class_list":{"0":"post-2666","1":"product","2":"type-product","3":"status-publish","4":"has-post-thumbnail","6":"product_cat-historisk-bibliotek","8":"first","9":"instock","10":"taxable","11":"shipping-taxable","12":"purchasable","13":"product-type-simple"},"_links":{"self":[{"href":"https:\/\/meloni.dk\/index.php\/wp-json\/wp\/v2\/product\/2666","targetHints":{"allow":["GET"]}}],"collection":[{"href":"https:\/\/meloni.dk\/index.php\/wp-json\/wp\/v2\/product"}],"about":[{"href":"https:\/\/meloni.dk\/index.php\/wp-json\/wp\/v2\/types\/product"}],"wp:featuredmedia":[{"embeddable":true,"href":"https:\/\/meloni.dk\/index.php\/wp-json\/wp\/v2\/media\/3332"}],"wp:attachment":[{"href":"https:\/\/meloni.dk\/index.php\/wp-json\/wp\/v2\/media?parent=2666"}],"wp:term":[{"taxonomy":"product_brand","embeddable":true,"href":"https:\/\/meloni.dk\/index.php\/wp-json\/wp\/v2\/product_brand?post=2666"},{"taxonomy":"product_cat","embeddable":true,"href":"https:\/\/meloni.dk\/index.php\/wp-json\/wp\/v2\/product_cat?post=2666"},{"taxonomy":"product_tag","embeddable":true,"href":"https:\/\/meloni.dk\/index.php\/wp-json\/wp\/v2\/product_tag?post=2666"}],"curies":[{"name":"wp","href":"https:\/\/api.w.org\/{rel}","templated":true}]}}