{"id":2659,"date":"2022-09-28T10:47:35","date_gmt":"2022-09-28T10:47:35","guid":{"rendered":"http:\/\/meloni.dk\/index.php\/product\/christian-4\/"},"modified":"2024-11-20T13:38:12","modified_gmt":"2024-11-20T13:38:12","slug":"christian-4","status":"publish","type":"product","link":"https:\/\/meloni.dk\/index.php\/product\/christian-4\/","title":{"rendered":"Christian 4."},"content":{"rendered":"<p>Christian 4. levede for over 400 \u00e5r siden. Dengang s\u00e5 Danmark meget anderledes ud end i dag. F.eks. var byerne meget mindre, og der var kun f\u00e5 store huse. Det \u00e6ndrede Christian 4. Han opf\u00f8rte mange nye bygninger, en del af dem kan vi stadig se i dag. Da Christian 4. blev konge, var det til et stort og rigt land. Men da han d\u00f8de, var Danmark blevet meget mindre, og mange af landets penge var brugt. Alligevel var han b\u00e5de dengang og i dag en meget popul\u00e6r konge.<\/p>\n","protected":false},"excerpt":{"rendered":"<p>Christian 4. levede for over 400 \u00e5r siden. Dengang s\u00e5 Danmark meget anderledes ud end i dag. F.eks. var byerne meget mindre, og der var kun f\u00e5 store huse. Det \u00e6ndrede Christian 4. Han opf\u00f8rte mange nye bygninger, en del af dem kan vi stadig se i dag. Da Christian 4. blev konge, var det til et stort og rigt land. Men da han d\u00f8de, var Danmark blevet meget mindre, og mange af landets penge var brugt. Alligevel var han b\u00e5de dengang og i dag en meget popul\u00e6r konge.<\/p>\n","protected":false},"featured_media":3872,"template":"","meta":[],"product_brand":[],"product_cat":[95],"product_tag":[],"class_list":{"0":"post-2659","1":"product","2":"type-product","3":"status-publish","4":"has-post-thumbnail","6":"product_cat-tjek-paa-historien","8":"first","9":"instock","10":"taxable","11":"shipping-taxable","12":"purchasable","13":"product-type-simple"},"_links":{"self":[{"href":"https:\/\/meloni.dk\/index.php\/wp-json\/wp\/v2\/product\/2659","targetHints":{"allow":["GET"]}}],"collection":[{"href":"https:\/\/meloni.dk\/index.php\/wp-json\/wp\/v2\/product"}],"about":[{"href":"https:\/\/meloni.dk\/index.php\/wp-json\/wp\/v2\/types\/product"}],"wp:featuredmedia":[{"embeddable":true,"href":"https:\/\/meloni.dk\/index.php\/wp-json\/wp\/v2\/media\/3872"}],"wp:attachment":[{"href":"https:\/\/meloni.dk\/index.php\/wp-json\/wp\/v2\/media?parent=2659"}],"wp:term":[{"taxonomy":"product_brand","embeddable":true,"href":"https:\/\/meloni.dk\/index.php\/wp-json\/wp\/v2\/product_brand?post=2659"},{"taxonomy":"product_cat","embeddable":true,"href":"https:\/\/meloni.dk\/index.php\/wp-json\/wp\/v2\/product_cat?post=2659"},{"taxonomy":"product_tag","embeddable":true,"href":"https:\/\/meloni.dk\/index.php\/wp-json\/wp\/v2\/product_tag?post=2659"}],"curies":[{"name":"wp","href":"https:\/\/api.w.org\/{rel}","templated":true}]}}