{"id":2653,"date":"2022-09-28T10:47:34","date_gmt":"2022-09-28T10:47:34","guid":{"rendered":"http:\/\/meloni.dk\/index.php\/product\/former-og-figurer-geometri-1\/"},"modified":"2024-11-20T13:53:28","modified_gmt":"2024-11-20T13:53:28","slug":"former-og-figurer-geometri-1","status":"publish","type":"product","link":"https:\/\/meloni.dk\/index.php\/product\/former-og-figurer-geometri-1\/","title":{"rendered":"Former og figurer &#8211; Geometri 1"},"content":{"rendered":"<p>Navne p\u00e5 og genkendelse af forskellige og konkrete geometriske figurer.<br \/>\nFormer, st\u00f8rrelser og forskelligheder. M\u00f8nstre, symmetri og spejling. Sammenh\u00e6nge mellem tal og geometri. M\u00e5ling af afstand, flade og rum og brug af enkle formler samt udregning af omkreds og areal.<\/p>\n","protected":false},"excerpt":{"rendered":"<p>Navne p\u00e5 og genkendelse af forskellige og konkrete geometriske figurer.<br \/>\nFormer, st\u00f8rrelser og forskelligheder. M\u00f8nstre, symmetri og spejling. Sammenh\u00e6nge mellem tal og geometri. M\u00e5ling af afstand, flade og rum og brug af enkle formler samt udregning af omkreds og areal.<\/p>\n","protected":false},"featured_media":3877,"template":"","meta":[],"product_brand":[],"product_cat":[74],"product_tag":[],"class_list":{"0":"post-2653","1":"product","2":"type-product","3":"status-publish","4":"has-post-thumbnail","6":"product_cat-matematik","8":"first","9":"instock","10":"taxable","11":"shipping-taxable","12":"purchasable","13":"product-type-simple"},"_links":{"self":[{"href":"https:\/\/meloni.dk\/index.php\/wp-json\/wp\/v2\/product\/2653","targetHints":{"allow":["GET"]}}],"collection":[{"href":"https:\/\/meloni.dk\/index.php\/wp-json\/wp\/v2\/product"}],"about":[{"href":"https:\/\/meloni.dk\/index.php\/wp-json\/wp\/v2\/types\/product"}],"wp:featuredmedia":[{"embeddable":true,"href":"https:\/\/meloni.dk\/index.php\/wp-json\/wp\/v2\/media\/3877"}],"wp:attachment":[{"href":"https:\/\/meloni.dk\/index.php\/wp-json\/wp\/v2\/media?parent=2653"}],"wp:term":[{"taxonomy":"product_brand","embeddable":true,"href":"https:\/\/meloni.dk\/index.php\/wp-json\/wp\/v2\/product_brand?post=2653"},{"taxonomy":"product_cat","embeddable":true,"href":"https:\/\/meloni.dk\/index.php\/wp-json\/wp\/v2\/product_cat?post=2653"},{"taxonomy":"product_tag","embeddable":true,"href":"https:\/\/meloni.dk\/index.php\/wp-json\/wp\/v2\/product_tag?post=2653"}],"curies":[{"name":"wp","href":"https:\/\/api.w.org\/{rel}","templated":true}]}}