{"id":2648,"date":"2022-09-28T10:47:31","date_gmt":"2022-09-28T10:47:31","guid":{"rendered":"http:\/\/meloni.dk\/index.php\/product\/et-oejeblik-laererens-haandbog\/"},"modified":"2024-11-20T14:03:58","modified_gmt":"2024-11-20T14:03:58","slug":"et-oejeblik-laererens-haandbog","status":"publish","type":"product","link":"https:\/\/meloni.dk\/index.php\/product\/et-oejeblik-laererens-haandbog\/","title":{"rendered":"Et \u00f8jeblik &#8211; L\u00e6rerens h\u00e5ndbog"},"content":{"rendered":"<p>I arbejdet med visuel kultur skal du l\u00e6re at f\u00e5 \u00f8je p\u00e5 det, du ikke ser. Du skal arbejde som en detektiv og v\u00e6re nysgerrig over for det, du ikke kender, og det, du m\u00e5ske synes er m\u00e6rkeligt. Alt det, vi ser for vore \u00f8jne, kan vi kalde billeder eller visuelle f\u00e6nomener. Det sp\u00e6ndende er at unders\u00f8ge, om andre mennesker ser det samme som du. I arbejdet med opgaverne skal du lave billeder om det, du selv ser, og det, andre ser. Du skal ogs\u00e5 l\u00e6re at bruge forskellige digitale metoder mere sikkert, end du plejer.<\/p>\n","protected":false},"excerpt":{"rendered":"<p>I arbejdet med visuel kultur skal du l\u00e6re at f\u00e5 \u00f8je p\u00e5 det, du ikke ser. Du skal arbejde som en detektiv og v\u00e6re nysgerrig over for det, du ikke kender, og det, du m\u00e5ske synes er m\u00e6rkeligt. Alt det, vi ser for vore \u00f8jne, kan vi kalde billeder eller visuelle f\u00e6nomener. Det sp\u00e6ndende er at unders\u00f8ge, om andre mennesker ser det samme som du. I arbejdet med opgaverne skal du lave billeder om det, du selv ser, og det, andre ser. Du skal ogs\u00e5 l\u00e6re at bruge forskellige digitale metoder mere sikkert, end du plejer.<\/p>\n","protected":false},"featured_media":3881,"template":"","meta":[],"product_brand":[],"product_cat":[21],"product_tag":[],"class_list":{"0":"post-2648","1":"product","2":"type-product","3":"status-publish","4":"has-post-thumbnail","6":"product_cat-billedkunst","8":"first","9":"instock","10":"taxable","11":"shipping-taxable","12":"purchasable","13":"product-type-simple"},"_links":{"self":[{"href":"https:\/\/meloni.dk\/index.php\/wp-json\/wp\/v2\/product\/2648","targetHints":{"allow":["GET"]}}],"collection":[{"href":"https:\/\/meloni.dk\/index.php\/wp-json\/wp\/v2\/product"}],"about":[{"href":"https:\/\/meloni.dk\/index.php\/wp-json\/wp\/v2\/types\/product"}],"wp:featuredmedia":[{"embeddable":true,"href":"https:\/\/meloni.dk\/index.php\/wp-json\/wp\/v2\/media\/3881"}],"wp:attachment":[{"href":"https:\/\/meloni.dk\/index.php\/wp-json\/wp\/v2\/media?parent=2648"}],"wp:term":[{"taxonomy":"product_brand","embeddable":true,"href":"https:\/\/meloni.dk\/index.php\/wp-json\/wp\/v2\/product_brand?post=2648"},{"taxonomy":"product_cat","embeddable":true,"href":"https:\/\/meloni.dk\/index.php\/wp-json\/wp\/v2\/product_cat?post=2648"},{"taxonomy":"product_tag","embeddable":true,"href":"https:\/\/meloni.dk\/index.php\/wp-json\/wp\/v2\/product_tag?post=2648"}],"curies":[{"name":"wp","href":"https:\/\/api.w.org\/{rel}","templated":true}]}}