{"id":2641,"date":"2022-09-28T10:47:30","date_gmt":"2022-09-28T10:47:30","guid":{"rendered":"http:\/\/meloni.dk\/index.php\/product\/by-om-arkitektur-paa-mellemtrinnet\/"},"modified":"2024-11-20T14:05:51","modified_gmt":"2024-11-20T14:05:51","slug":"by-om-arkitektur-paa-mellemtrinnet","status":"publish","type":"product","link":"https:\/\/meloni.dk\/index.php\/product\/by-om-arkitektur-paa-mellemtrinnet\/","title":{"rendered":"By &#8211; om arkitektur p\u00e5 mellemtrinnet"},"content":{"rendered":"<p>I denne bog l\u00e6rer du noget om, hvad en by best\u00e5r af. Du l\u00e6rer om mange for- skellige synlige og usynlige elementer, der indg\u00e5r i bybilledet. Du l\u00e6rer ogs\u00e5 at se p\u00e5 byen p\u00e5 mange forskellige m\u00e5der ved at se med mange forskellige blikke. Du skal fx forestille dig, at du er byplanl\u00e6gger eller arkitekt. Hvad bestemmer deres blik p\u00e5 byen?<\/p>\n<p>Du kommer til at arbejde alene og i gruppe sammen med dine kammerater.<br \/>\nDin fantasi og kreativitet udfordres, n\u00e5r du arbejder med opgaverne i bogen.<br \/>\nArbejdet tager udgangspunkt i billedsamtale ud fra billederne i bogen og fotos, som I selv tager i dit eget n\u00e6romr\u00e5de eller finder p\u00e5 nettet.<\/p>\n<p>I kommer til at arbejde med tegning, klip, foto, konstruktion og forskellige digitale udtryksformer.<\/p>\n","protected":false},"excerpt":{"rendered":"<p>I denne bog l\u00e6rer du noget om, hvad en by best\u00e5r af. Du l\u00e6rer om mange for- skellige synlige og usynlige elementer, der indg\u00e5r i bybilledet. Du l\u00e6rer ogs\u00e5 at se p\u00e5 byen p\u00e5 mange forskellige m\u00e5der ved at se med mange forskellige blikke. Du skal fx forestille dig, at du er byplanl\u00e6gger eller arkitekt. Hvad bestemmer deres blik p\u00e5 byen?<\/p>\n<p>Du kommer til at arbejde alene og i gruppe sammen med dine kammerater.<br \/>\nDin fantasi og kreativitet udfordres, n\u00e5r du arbejder med opgaverne i bogen.<br \/>\nArbejdet tager udgangspunkt i billedsamtale ud fra billederne i bogen og fotos, som I selv tager i dit eget n\u00e6romr\u00e5de eller finder p\u00e5 nettet.<\/p>\n<p>I kommer til at arbejde med tegning, klip, foto, konstruktion og forskellige digitale udtryksformer.<\/p>\n","protected":false},"featured_media":3882,"template":"","meta":[],"product_brand":[],"product_cat":[21],"product_tag":[],"class_list":{"0":"post-2641","1":"product","2":"type-product","3":"status-publish","4":"has-post-thumbnail","6":"product_cat-billedkunst","8":"first","9":"instock","10":"taxable","11":"shipping-taxable","12":"purchasable","13":"product-type-simple"},"_links":{"self":[{"href":"https:\/\/meloni.dk\/index.php\/wp-json\/wp\/v2\/product\/2641","targetHints":{"allow":["GET"]}}],"collection":[{"href":"https:\/\/meloni.dk\/index.php\/wp-json\/wp\/v2\/product"}],"about":[{"href":"https:\/\/meloni.dk\/index.php\/wp-json\/wp\/v2\/types\/product"}],"wp:featuredmedia":[{"embeddable":true,"href":"https:\/\/meloni.dk\/index.php\/wp-json\/wp\/v2\/media\/3882"}],"wp:attachment":[{"href":"https:\/\/meloni.dk\/index.php\/wp-json\/wp\/v2\/media?parent=2641"}],"wp:term":[{"taxonomy":"product_brand","embeddable":true,"href":"https:\/\/meloni.dk\/index.php\/wp-json\/wp\/v2\/product_brand?post=2641"},{"taxonomy":"product_cat","embeddable":true,"href":"https:\/\/meloni.dk\/index.php\/wp-json\/wp\/v2\/product_cat?post=2641"},{"taxonomy":"product_tag","embeddable":true,"href":"https:\/\/meloni.dk\/index.php\/wp-json\/wp\/v2\/product_tag?post=2641"}],"curies":[{"name":"wp","href":"https:\/\/api.w.org\/{rel}","templated":true}]}}