{"id":2640,"date":"2022-09-28T10:47:30","date_gmt":"2022-09-28T10:47:30","guid":{"rendered":"http:\/\/meloni.dk\/index.php\/product\/stof-saks-papir\/"},"modified":"2023-12-20T13:12:23","modified_gmt":"2023-12-20T13:12:23","slug":"stof-saks-papir","status":"publish","type":"product","link":"https:\/\/meloni.dk\/index.php\/product\/stof-saks-papir\/","title":{"rendered":"Stof, saks, papir"},"content":{"rendered":"<p>Endelig en inspirerende praksisrettet bog til de kreative fag i skolen, skrevet af to engagerede l\u00e6rere, der s\u00e6tter kreativitet og kvalitet i h\u00f8js\u00e6det. Stof saks og papir d\u00e6kker et stort behov for aktuel og relevant litteratur til god, inspirerende undervisning i de praktisk-kreative fag i skolen. I bogen udfolder Pernille Krogh og Tina Simonsen en id\u00e9rigdom af sanselige undervisningsforl\u00f8b, hvor engagement, kreativitet, l\u00e6ring og udstilling hos lokale samarbejdspartnere er omdrejningspunktet.<\/p>\n<p>Stof, saks og papir forholder sig konkret til, hvordan kreative og innovative ideer om undervisning sammen med elevernes fantasi og nysgerrighed kan l\u00e6gges i rammer og h\u00e5ndteres i den daglige praksis. Bogen giver et bud p\u00e5 en mulig vej for udvikling af de praktisk-kreative fag i skolen.<\/p>\n","protected":false},"excerpt":{"rendered":"<p>Endelig en inspirerende praksisrettet bog til de kreative fag i skolen, skrevet af to engagerede l\u00e6rere, der s\u00e6tter kreativitet og kvalitet i h\u00f8js\u00e6det. Stof saks og papir d\u00e6kker et stort behov for aktuel og relevant litteratur til god, inspirerende undervisning i de praktisk-kreative fag i skolen. I bogen udfolder Pernille Krogh og Tina Simonsen en id\u00e9rigdom af sanselige undervisningsforl\u00f8b, hvor engagement, kreativitet, l\u00e6ring og udstilling hos lokale samarbejdspartnere er omdrejningspunktet.<\/p>\n<p>Stof, saks og papir forholder sig konkret til, hvordan kreative og innovative ideer om undervisning sammen med elevernes fantasi og nysgerrighed kan l\u00e6gges i rammer og h\u00e5ndteres i den daglige praksis. Bogen giver et bud p\u00e5 en mulig vej for udvikling af de praktisk-kreative fag i skolen.<\/p>\n","protected":false},"featured_media":3385,"template":"","meta":[],"product_brand":[],"product_cat":[22],"product_tag":[],"class_list":{"0":"post-2640","1":"product","2":"type-product","3":"status-publish","4":"has-post-thumbnail","6":"product_cat-haandvaerk-og-design","8":"first","9":"instock","10":"taxable","11":"shipping-taxable","12":"purchasable","13":"product-type-simple"},"_links":{"self":[{"href":"https:\/\/meloni.dk\/index.php\/wp-json\/wp\/v2\/product\/2640","targetHints":{"allow":["GET"]}}],"collection":[{"href":"https:\/\/meloni.dk\/index.php\/wp-json\/wp\/v2\/product"}],"about":[{"href":"https:\/\/meloni.dk\/index.php\/wp-json\/wp\/v2\/types\/product"}],"wp:featuredmedia":[{"embeddable":true,"href":"https:\/\/meloni.dk\/index.php\/wp-json\/wp\/v2\/media\/3385"}],"wp:attachment":[{"href":"https:\/\/meloni.dk\/index.php\/wp-json\/wp\/v2\/media?parent=2640"}],"wp:term":[{"taxonomy":"product_brand","embeddable":true,"href":"https:\/\/meloni.dk\/index.php\/wp-json\/wp\/v2\/product_brand?post=2640"},{"taxonomy":"product_cat","embeddable":true,"href":"https:\/\/meloni.dk\/index.php\/wp-json\/wp\/v2\/product_cat?post=2640"},{"taxonomy":"product_tag","embeddable":true,"href":"https:\/\/meloni.dk\/index.php\/wp-json\/wp\/v2\/product_tag?post=2640"}],"curies":[{"name":"wp","href":"https:\/\/api.w.org\/{rel}","templated":true}]}}