{"id":2639,"date":"2022-09-28T10:47:30","date_gmt":"2022-09-28T10:47:30","guid":{"rendered":"http:\/\/meloni.dk\/index.php\/product\/marco-er-adopteret\/"},"modified":"2024-11-25T07:48:31","modified_gmt":"2024-11-25T07:48:31","slug":"marco-er-adopteret","status":"publish","type":"product","link":"https:\/\/meloni.dk\/index.php\/product\/marco-er-adopteret\/","title":{"rendered":"Marco er adopteret"},"content":{"rendered":"<p>Marco er f\u00f8dt i Etiopien, men bor i Danmark. Marco er nemlig blevet adopteret. Hvert \u00e5r kommer der mere end 200 b\u00f8rn til Danmark prim\u00e6rt fra u-lande.<br \/>\nI denne bog fort\u00e6lles historien om en af dem, Marco. Vi f\u00f8lger Marcos nye for\u00e6ldres rejse til Etiopien. Det f\u00f8rste m\u00f8de, retssagen og Marcos nye liv i Danmark.<\/p>\n","protected":false},"excerpt":{"rendered":"<p>Marco er f\u00f8dt i Etiopien, men bor i Danmark. Marco er nemlig blevet adopteret. Hvert \u00e5r kommer der mere end 200 b\u00f8rn til Danmark prim\u00e6rt fra u-lande.<br \/>\nI denne bog fort\u00e6lles historien om en af dem, Marco. Vi f\u00f8lger Marcos nye for\u00e6ldres rejse til Etiopien. Det f\u00f8rste m\u00f8de, retssagen og Marcos nye liv i Danmark.<\/p>\n","protected":false},"featured_media":3888,"template":"","meta":[],"product_brand":[],"product_cat":[25],"product_tag":[],"class_list":{"0":"post-2639","1":"product","2":"type-product","3":"status-publish","4":"has-post-thumbnail","6":"product_cat-faglig-laesning","8":"first","9":"instock","10":"taxable","11":"shipping-taxable","12":"purchasable","13":"product-type-simple"},"_links":{"self":[{"href":"https:\/\/meloni.dk\/index.php\/wp-json\/wp\/v2\/product\/2639","targetHints":{"allow":["GET"]}}],"collection":[{"href":"https:\/\/meloni.dk\/index.php\/wp-json\/wp\/v2\/product"}],"about":[{"href":"https:\/\/meloni.dk\/index.php\/wp-json\/wp\/v2\/types\/product"}],"wp:featuredmedia":[{"embeddable":true,"href":"https:\/\/meloni.dk\/index.php\/wp-json\/wp\/v2\/media\/3888"}],"wp:attachment":[{"href":"https:\/\/meloni.dk\/index.php\/wp-json\/wp\/v2\/media?parent=2639"}],"wp:term":[{"taxonomy":"product_brand","embeddable":true,"href":"https:\/\/meloni.dk\/index.php\/wp-json\/wp\/v2\/product_brand?post=2639"},{"taxonomy":"product_cat","embeddable":true,"href":"https:\/\/meloni.dk\/index.php\/wp-json\/wp\/v2\/product_cat?post=2639"},{"taxonomy":"product_tag","embeddable":true,"href":"https:\/\/meloni.dk\/index.php\/wp-json\/wp\/v2\/product_tag?post=2639"}],"curies":[{"name":"wp","href":"https:\/\/api.w.org\/{rel}","templated":true}]}}