{"id":2637,"date":"2022-09-28T10:47:29","date_gmt":"2022-09-28T10:47:29","guid":{"rendered":"http:\/\/meloni.dk\/index.php\/product\/det-sorte-faar\/"},"modified":"2024-11-25T11:27:39","modified_gmt":"2024-11-25T11:27:39","slug":"det-sorte-faar","status":"publish","type":"product","link":"https:\/\/meloni.dk\/index.php\/product\/det-sorte-faar\/","title":{"rendered":"Det sorte F\u00e5r"},"content":{"rendered":"<p>&#8220;Galeanstalten er en ejendom fyldt med helgener. De er helgener de stakkels, sk\u00f8re tosser under de kinesiske lagener &#8211; industrielt fremstillede svededuge. Nonnen, der bliver belyst som et ex-voto af den lille lampe p\u00e5 kommoden, er ogs\u00e5 hellig. Og Doktoren er den mest hellige af alle, han er helgenernes overhovede, han er Jesus Kristus&#8221;.<\/p>\n<p>S\u00e5ledes fort\u00e6ller Nicola om sine 35 \u00e5r p\u00e5 den elektriske galeanstalt og i hans splittede hjerne st\u00f8der virkelighed og fantasi sammen og frembringer uforudsigelige \u00e5benbaringer.<\/p>\n","protected":false},"excerpt":{"rendered":"<p>&#8220;Galeanstalten er en ejendom fyldt med helgener. De er helgener de stakkels, sk\u00f8re tosser under de kinesiske lagener &#8211; industrielt fremstillede svededuge. Nonnen, der bliver belyst som et ex-voto af den lille lampe p\u00e5 kommoden, er ogs\u00e5 hellig. Og Doktoren er den mest hellige af alle, han er helgenernes overhovede, han er Jesus Kristus&#8221;.<\/p>\n<p>S\u00e5ledes fort\u00e6ller Nicola om sine 35 \u00e5r p\u00e5 den elektriske galeanstalt og i hans splittede hjerne st\u00f8der virkelighed og fantasi sammen og frembringer uforudsigelige \u00e5benbaringer.<\/p>\n","protected":false},"featured_media":3913,"template":"","meta":[],"product_brand":[],"product_cat":[76],"product_tag":[],"class_list":{"0":"post-2637","1":"product","2":"type-product","3":"status-publish","4":"has-post-thumbnail","6":"product_cat-skoenlitteratur","8":"first","9":"instock","10":"taxable","11":"shipping-taxable","12":"purchasable","13":"product-type-simple"},"_links":{"self":[{"href":"https:\/\/meloni.dk\/index.php\/wp-json\/wp\/v2\/product\/2637","targetHints":{"allow":["GET"]}}],"collection":[{"href":"https:\/\/meloni.dk\/index.php\/wp-json\/wp\/v2\/product"}],"about":[{"href":"https:\/\/meloni.dk\/index.php\/wp-json\/wp\/v2\/types\/product"}],"wp:featuredmedia":[{"embeddable":true,"href":"https:\/\/meloni.dk\/index.php\/wp-json\/wp\/v2\/media\/3913"}],"wp:attachment":[{"href":"https:\/\/meloni.dk\/index.php\/wp-json\/wp\/v2\/media?parent=2637"}],"wp:term":[{"taxonomy":"product_brand","embeddable":true,"href":"https:\/\/meloni.dk\/index.php\/wp-json\/wp\/v2\/product_brand?post=2637"},{"taxonomy":"product_cat","embeddable":true,"href":"https:\/\/meloni.dk\/index.php\/wp-json\/wp\/v2\/product_cat?post=2637"},{"taxonomy":"product_tag","embeddable":true,"href":"https:\/\/meloni.dk\/index.php\/wp-json\/wp\/v2\/product_tag?post=2637"}],"curies":[{"name":"wp","href":"https:\/\/api.w.org\/{rel}","templated":true}]}}