{"id":2633,"date":"2022-09-28T10:47:29","date_gmt":"2022-09-28T10:47:29","guid":{"rendered":"http:\/\/meloni.dk\/index.php\/product\/kroeyer-lysets-maler\/"},"modified":"2024-11-25T07:50:54","modified_gmt":"2024-11-25T07:50:54","slug":"kroeyer-lysets-maler","status":"publish","type":"product","link":"https:\/\/meloni.dk\/index.php\/product\/kroeyer-lysets-maler\/","title":{"rendered":"Kr\u00f8yer &#8211; Lysets maler"},"content":{"rendered":"<p>I denne bog m\u00f8der du en af Danmarks mest kendte og elskede kunstnere Peder Severin Kr\u00f8yer (1851-1909). Du kan f\u00f8lge ham, fra han som s\u00f8n af en psykisk syg mor blev taget i pleje af sin moster og hendes mand og tidligt viste et us\u00e6dvanligt talent for tegning, til han som voksen mand blev en del af den gruppe af kunstnere, som er kendt som Skagensmalerne, fordi de, draget af det s\u00e6rlige lys p\u00e5 Jyllands nordligste spids, rejste til fiskerbyen Skagen for at male. Undervejs kan du l\u00e6se om hans eventyr i udlandet og hans komplicerede \u00e6gteskab med den smukke Marie Triepcke. Du kan ogs\u00e5 se mange af de malerier, der har gjort ham ber\u00f8mt.<\/p>\n","protected":false},"excerpt":{"rendered":"<p>I denne bog m\u00f8der du en af Danmarks mest kendte og elskede kunstnere Peder Severin Kr\u00f8yer (1851-1909). Du kan f\u00f8lge ham, fra han som s\u00f8n af en psykisk syg mor blev taget i pleje af sin moster og hendes mand og tidligt viste et us\u00e6dvanligt talent for tegning, til han som voksen mand blev en del af den gruppe af kunstnere, som er kendt som Skagensmalerne, fordi de, draget af det s\u00e6rlige lys p\u00e5 Jyllands nordligste spids, rejste til fiskerbyen Skagen for at male. Undervejs kan du l\u00e6se om hans eventyr i udlandet og hans komplicerede \u00e6gteskab med den smukke Marie Triepcke. Du kan ogs\u00e5 se mange af de malerier, der har gjort ham ber\u00f8mt.<\/p>\n","protected":false},"featured_media":3889,"template":"","meta":[],"product_brand":[],"product_cat":[21],"product_tag":[],"class_list":{"0":"post-2633","1":"product","2":"type-product","3":"status-publish","4":"has-post-thumbnail","6":"product_cat-billedkunst","8":"first","9":"instock","10":"taxable","11":"shipping-taxable","12":"purchasable","13":"product-type-simple"},"_links":{"self":[{"href":"https:\/\/meloni.dk\/index.php\/wp-json\/wp\/v2\/product\/2633","targetHints":{"allow":["GET"]}}],"collection":[{"href":"https:\/\/meloni.dk\/index.php\/wp-json\/wp\/v2\/product"}],"about":[{"href":"https:\/\/meloni.dk\/index.php\/wp-json\/wp\/v2\/types\/product"}],"wp:featuredmedia":[{"embeddable":true,"href":"https:\/\/meloni.dk\/index.php\/wp-json\/wp\/v2\/media\/3889"}],"wp:attachment":[{"href":"https:\/\/meloni.dk\/index.php\/wp-json\/wp\/v2\/media?parent=2633"}],"wp:term":[{"taxonomy":"product_brand","embeddable":true,"href":"https:\/\/meloni.dk\/index.php\/wp-json\/wp\/v2\/product_brand?post=2633"},{"taxonomy":"product_cat","embeddable":true,"href":"https:\/\/meloni.dk\/index.php\/wp-json\/wp\/v2\/product_cat?post=2633"},{"taxonomy":"product_tag","embeddable":true,"href":"https:\/\/meloni.dk\/index.php\/wp-json\/wp\/v2\/product_tag?post=2633"}],"curies":[{"name":"wp","href":"https:\/\/api.w.org\/{rel}","templated":true}]}}