{"id":2632,"date":"2022-09-28T10:47:28","date_gmt":"2022-09-28T10:47:28","guid":{"rendered":"http:\/\/meloni.dk\/index.php\/product\/dilemma-spil-paa-spil-i-historien\/"},"modified":"2024-11-25T08:43:32","modified_gmt":"2024-11-25T08:43:32","slug":"dilemma-spil-paa-spil-i-historien","status":"publish","type":"product","link":"https:\/\/meloni.dk\/index.php\/product\/dilemma-spil-paa-spil-i-historien\/","title":{"rendered":"Dilemma spil &#8211; P\u00e5 spil i historien"},"content":{"rendered":"<p>Tag dine elever med p\u00e5 en rejse i historien. En rejse, hvor eleverne skal s\u00e6tte sig i historiske personers sted og v\u00e6re med til at tr\u00e6ffe skels\u00e6ttende beslutninger.<\/p>\n<p>Bogen indeholde dilemmaspil til:<\/p>\n<ul>\n<li>Den amerikanske Frihedskrig<\/li>\n<li>K\u00f8benhavns Bombardement<\/li>\n<li>Stormen p\u00e5 Dybb\u00f8l<\/li>\n<li>Slaget p\u00e5 F\u00e6lleden<\/li>\n<li>Genforeningen 1920<\/li>\n<li>Kanslergadeforliget<\/li>\n<li>Energikrisen<\/li>\n<\/ul>\n","protected":false},"excerpt":{"rendered":"<p>Tag dine elever med p\u00e5 en rejse i historien. En rejse, hvor eleverne skal s\u00e6tte sig i historiske personers sted og v\u00e6re med til at tr\u00e6ffe skels\u00e6ttende beslutninger.<\/p>\n<p>Bogen indeholde dilemmaspil til:<\/p>\n<p>&nbsp;<\/p>\n<ul>\n<li>Den amerikanske Frihedskrig<\/li>\n<li>K\u00f8benhavns Bombardement<\/li>\n<li>Stormen p\u00e5 Dybb\u00f8l<\/li>\n<li>Slaget p\u00e5 F\u00e6lleden<\/li>\n<li>Genforeningen 1920<\/li>\n<li>Kanslergadeforliget<\/li>\n<li>Energikrisen<\/li>\n<\/ul>\n","protected":false},"featured_media":3895,"template":"","meta":[],"product_brand":[],"product_cat":[93],"product_tag":[],"class_list":{"0":"post-2632","1":"product","2":"type-product","3":"status-publish","4":"has-post-thumbnail","6":"product_cat-indblik-og-udsyn","8":"first","9":"instock","10":"taxable","11":"shipping-taxable","12":"purchasable","13":"product-type-simple"},"_links":{"self":[{"href":"https:\/\/meloni.dk\/index.php\/wp-json\/wp\/v2\/product\/2632","targetHints":{"allow":["GET"]}}],"collection":[{"href":"https:\/\/meloni.dk\/index.php\/wp-json\/wp\/v2\/product"}],"about":[{"href":"https:\/\/meloni.dk\/index.php\/wp-json\/wp\/v2\/types\/product"}],"wp:featuredmedia":[{"embeddable":true,"href":"https:\/\/meloni.dk\/index.php\/wp-json\/wp\/v2\/media\/3895"}],"wp:attachment":[{"href":"https:\/\/meloni.dk\/index.php\/wp-json\/wp\/v2\/media?parent=2632"}],"wp:term":[{"taxonomy":"product_brand","embeddable":true,"href":"https:\/\/meloni.dk\/index.php\/wp-json\/wp\/v2\/product_brand?post=2632"},{"taxonomy":"product_cat","embeddable":true,"href":"https:\/\/meloni.dk\/index.php\/wp-json\/wp\/v2\/product_cat?post=2632"},{"taxonomy":"product_tag","embeddable":true,"href":"https:\/\/meloni.dk\/index.php\/wp-json\/wp\/v2\/product_tag?post=2632"}],"curies":[{"name":"wp","href":"https:\/\/api.w.org\/{rel}","templated":true}]}}