{"id":2630,"date":"2022-09-28T10:47:28","date_gmt":"2022-09-28T10:47:28","guid":{"rendered":"http:\/\/meloni.dk\/index.php\/product\/ugler\/"},"modified":"2024-11-25T08:36:43","modified_gmt":"2024-11-25T08:36:43","slug":"ugler","status":"publish","type":"product","link":"https:\/\/meloni.dk\/index.php\/product\/ugler\/","title":{"rendered":"Ugler"},"content":{"rendered":"<p>Du har m\u00e5ske h\u00f8rt deres karakteristiske &#8220;uhuu&#8221;-lyd? Eller fundet deres gylp p\u00e5 en tur i skoven? Det kan ogs\u00e5 v\u00e6re, at du har v\u00e6ret s\u00e5 heldig at se en af dem, selvom de fleste kun er ude om natten. Vi snakker selvf\u00f8lgelig om ugler. Den store rovfugl som er vild med mus og som er lydl\u00f8s, n\u00e5r den flyver.<\/p>\n<p>I denne bog kan du blive mega klog p\u00e5 ugler. Du kan bl.a. l\u00e6se om, hvad de spiser, hvorfor man ikke kan h\u00f8re dem, n\u00e5r de flyver, og om de forskellige arter.<\/p>\n","protected":false},"excerpt":{"rendered":"<p>Du har m\u00e5ske h\u00f8rt deres karakteristiske &#8220;uhuu&#8221;-lyd? Eller fundet deres gylp p\u00e5 en tur i skoven? Det kan ogs\u00e5 v\u00e6re, at du har v\u00e6ret s\u00e5 heldig at se en af dem, selvom de fleste kun er ude om natten. Vi snakker selvf\u00f8lgelig om ugler. Den store rovfugl som er vild med mus og som er lydl\u00f8s, n\u00e5r den flyver.<\/p>\n<p>I denne bog kan du blive mega klog p\u00e5 ugler. Du kan bl.a. l\u00e6se om, hvad de spiser, hvorfor man ikke kan h\u00f8re dem, n\u00e5r de flyver, og om de forskellige arter.<\/p>\n","protected":false},"featured_media":3894,"template":"","meta":[],"product_brand":[],"product_cat":[25],"product_tag":[],"class_list":{"0":"post-2630","1":"product","2":"type-product","3":"status-publish","4":"has-post-thumbnail","6":"product_cat-faglig-laesning","8":"first","9":"instock","10":"taxable","11":"shipping-taxable","12":"purchasable","13":"product-type-simple"},"_links":{"self":[{"href":"https:\/\/meloni.dk\/index.php\/wp-json\/wp\/v2\/product\/2630","targetHints":{"allow":["GET"]}}],"collection":[{"href":"https:\/\/meloni.dk\/index.php\/wp-json\/wp\/v2\/product"}],"about":[{"href":"https:\/\/meloni.dk\/index.php\/wp-json\/wp\/v2\/types\/product"}],"wp:featuredmedia":[{"embeddable":true,"href":"https:\/\/meloni.dk\/index.php\/wp-json\/wp\/v2\/media\/3894"}],"wp:attachment":[{"href":"https:\/\/meloni.dk\/index.php\/wp-json\/wp\/v2\/media?parent=2630"}],"wp:term":[{"taxonomy":"product_brand","embeddable":true,"href":"https:\/\/meloni.dk\/index.php\/wp-json\/wp\/v2\/product_brand?post=2630"},{"taxonomy":"product_cat","embeddable":true,"href":"https:\/\/meloni.dk\/index.php\/wp-json\/wp\/v2\/product_cat?post=2630"},{"taxonomy":"product_tag","embeddable":true,"href":"https:\/\/meloni.dk\/index.php\/wp-json\/wp\/v2\/product_tag?post=2630"}],"curies":[{"name":"wp","href":"https:\/\/api.w.org\/{rel}","templated":true}]}}